{"id":43,"date":"2015-03-25T15:59:25","date_gmt":"2015-03-25T14:59:25","guid":{"rendered":"https:\/\/www.equi-nutri.be\/?page_id=43"},"modified":"2023-12-07T11:15:30","modified_gmt":"2023-12-07T10:15:30","slug":"mentions-legales","status":"publish","type":"page","link":"http:\/\/eq.promisys-web.be\/fr\/mentions-legales\/","title":{"rendered":"Mentions l\u00e9gales"},"content":{"rendered":"\n<h2 class=\"wp-block-heading\">1.    Collecte de donn\u00e9es \u00e0 caract\u00e8re personnel<\/h2>\n\n\n\n<p>Les donn\u00e9es \u00e0 caract\u00e8re personnel d\u00e9signent toute information se rapportant \u00e0 une personne physique identifi\u00e9e ou identifiable, telle que le nom, les coordonn\u00e9es t\u00e9l\u00e9phoniques, une adresse e-mail, un num\u00e9ro de compte bancaire, \u2026<br>\nElles peuvent concerner des fournisseurs, des utilisateurs d\u2019Equi-Nutri, des employ\u00e9s, des candidats, des agents et autres collaborateurs pr\u00e9sents et anciens.<br>\nEqui-Nutri recueille uniquement les donn\u00e9es personnelles n\u00e9cessaires pour mener ses activit\u00e9s, ou requises par la loi. Le fondement juridique des traitements varie en fonction de la finalit\u00e9 de ceux-ci et du type de donn\u00e9es.<br>\nLes diff\u00e9rentes cat\u00e9gories de donn\u00e9es personnelles trait\u00e9es habituellement par Equi-Nutri sont les suivantes :<\/p>\n\n\n\n<ul class=\"wp-block-list\">\n<li>donn\u00e9es d\u2019identification et caract\u00e9ristiques personnelles (copies de passeport, cartes d\u2019identit\u00e9, permis de conduire);<\/li>\n\n\n\n<li>donn\u00e9es relatives au curriculum vitae (\u00e9ducation, formation, qualifications, profession);<\/li>\n\n\n\n<li>coordonn\u00e9es (nom, adresse, num\u00e9ro de t\u00e9l\u00e9phone, adresse e-mail, etc.);<\/li>\n\n\n\n<li>autres donn\u00e9es fournies lors de la prise de contact avec Equi-Nutri, notamment en utilisant les formulaires de contact, de t\u00e9l\u00e9chargement ou d\u2019inscription sur le site Web;<\/li>\n\n\n\n<li>donn\u00e9es envoy\u00e9es \u00e0 Equi-Nutri via un sondage en ligne ou une candidature.<\/li>\n<\/ul>\n\n\n\n<p>En principe, Equi-Nutri ne collecte pas et n\u2019utilise pas de donn\u00e9es personnelles sensibles telles que relatives \u00e0 la sant\u00e9, aux croyances religieuses, politiques ou philosophiques, \u00e0 l\u2019orientation sexuelle ou \u00e0 l\u2019appartenance ethnique.<\/p>\n\n\n\n<h2 class=\"wp-block-heading\">2.    Finalit\u00e9s de la collecte, de l\u2019utilisation et de la divulgation des donn\u00e9es personnelles<\/h2>\n\n\n\n<p>Les donn\u00e9es sont collect\u00e9es pour les finalit\u00e9s d\u00e9termin\u00e9es, explicites et l\u00e9gitimes suivantes :<\/p>\n\n\n\n<ul class=\"wp-block-list\">\n<li>ex\u00e9cution, maintien et am\u00e9lioration des services de Equi-Nutri;<\/li>\n\n\n\n<li>envoi d\u2019informations utiles relatives aux activit\u00e9s et aux manifestations organis\u00e9es par Equi-Nutri;<\/li>\n\n\n\n<li>gestion de la relation avec les membres et les entreprises clientes ;<\/li>\n\n\n\n<li>gestion du personnel et des salaires;<\/li>\n\n\n\n<li>planification et organisation du travail;<\/li>\n\n\n\n<li>pr\u00e9vention, d\u00e9tection et contournement de failles, d\u2019op\u00e9rations frauduleuses et autres activit\u00e9s ill\u00e9gales;<\/li>\n\n\n\n<li>communication sur les mises \u00e0 jour des services de Equi-Nutri;<\/li>\n\n\n\n<li>surveillance et analyse des tendances, des usages et les activit\u00e9s li\u00e9s \u00e0 ses services;<\/li>\n\n\n\n<li>respect des obligations l\u00e9gales;<\/li>\n\n\n\n<li>gestion comptable;<\/li>\n\n\n\n<li>obtention de conseils professionnels;<\/li>\n\n\n\n<li>archivage et conservation de donn\u00e9es;<\/li>\n\n\n\n<li>toutes autres fins accessoires s\u2019y rapportant et \u00e0 d\u2019autres fins auxquelles les individus ou les organisations peuvent de temps \u00e0 autre convenir.<\/li>\n<\/ul>\n\n\n\n<h2 class=\"wp-block-heading\">3.    Divulgation de donn\u00e9es personnelles<\/h2>\n\n\n\n<p>Les donn\u00e9es personnelles conserv\u00e9es par Equi-Nutri sont gard\u00e9es confidentiellement et conserv\u00e9es en toute s\u00e9curit\u00e9.<\/p>\n\n\n\n<p>Les donn\u00e9es personnelles ne sont accessibles qu\u2019au personnel de Equi-Nutri charg\u00e9 de r\u00e9aliser l\u2019objectif sp\u00e9cifique pour lequel les donn\u00e9es ont \u00e9t\u00e9 collect\u00e9es.<br>\nToutefois, ces donn\u00e9es peuvent \u00eatre transmises \u00e0 des personnes tierces \u00e0 votre demande, ou<br>\nlorsque cela s\u2019av\u00e8re n\u00e9cessaire pour r\u00e9aliser l\u2019objectif sp\u00e9cifique, ou dans les cas pr\u00e9vus par la loi, notamment aux:<\/p>\n\n\n\n<ul class=\"wp-block-list\">\n<li>prestataires de services r\u00e9alisant des prestations pour le compte d\u2019Equi-Nutri;<\/li>\n\n\n\n<li>certaines professions r\u00e9glement\u00e9es telles que les avocats, les notaires ou les commissaires aux comptes.<\/li>\n<\/ul>\n\n\n\n<h2 class=\"wp-block-heading\">4.    Protection des donn\u00e9es techniques et organisationnelles<\/h2>\n\n\n\n<p>Equi-Nutri prend toutes les mesures techniques et organisationnelles ad\u00e9quates en vue de prot\u00e9ger les donn\u00e9es personnelles contre toute interception non autoris\u00e9e. Equi-Nutri conserve ces donn\u00e9es dans des environnements s\u00e9curis\u00e9s.<br>\nEqui-Nutri informe notamment ses employ\u00e9s sur les meilleures pratiques en mati\u00e8re de protection des donn\u00e9es.<br>\nBien que Equi-Nutri utilise tous les efforts raisonnables pour prot\u00e9ger les informations personnelles, elle ne peut garantir la s\u00e9curit\u00e9 absolue des donn\u00e9es soumises via son site Web et sa page Facebook.<br>\nLes donn\u00e9es peuvent \u00eatre communiqu\u00e9es \u00e0 des tiers de confiance aux fins \u00e9nonc\u00e9es dans la pr\u00e9sente politique de protection des donn\u00e9es. Equi-Nutri exige toutefois de ces tiers qu\u2019ils mettent en place les mesures de s\u00e9curit\u00e9 techniques et op\u00e9rationnelles adapt\u00e9es pour prot\u00e9ger les donn\u00e9es concern\u00e9es.<\/p>\n\n\n\n<h2 class=\"wp-block-heading\">5.    Dur\u00e9e de conservation des donn\u00e9es<\/h2>\n\n\n\n<p>Equi-Nutri ne conserve les donn\u00e9es \u00e0 caract\u00e8re personnel que pendant la dur\u00e9e n\u00e9cessaire afin d\u2019atteindre les finalit\u00e9s sp\u00e9cifiques en vue desquelles le traitement est effectu\u00e9.<br>\nPour d\u00e9terminer la dur\u00e9e appropri\u00e9e, il est tenu compte de la quantit\u00e9, de la nature et la sensibilit\u00e9 des donn\u00e9es personnelles, les finalit\u00e9s pour lesquelles elles sont trait\u00e9es et la possibilit\u00e9 d\u2019atteindre ces finalit\u00e9s par d\u2019autres moyens.<br>\nIl est \u00e9galement tenu compte de la n\u00e9cessit\u00e9 de se conformer \u00e0 ses obligations l\u00e9gales et r\u00e8glementaires.<br>\nLorsque les donn\u00e9es ne sont plus n\u00e9cessaires, elles font l\u2019objet d\u2019une destruction. Afin d\u2019assurer le niveau de s\u00e9curit\u00e9 le plus \u00e9lev\u00e9, la dur\u00e9e d\u2019utilisation et de conservation des donn\u00e9es peut \u00eatre r\u00e9duite et des d\u00e9marches visant \u00e0 les \u00ab anonymiser \u00bb sont entreprises. L\u2019anonymisation a pour but de ne plus permettre d\u2019associer une donn\u00e9e \u00e0 la personne concern\u00e9e.<\/p>\n\n\n\n<h2 class=\"wp-block-heading\">6.    Transfert de donn\u00e9es personnelles en dehors de la Belgique et hors de l\u2019Union Europ\u00e9enne (UE)<\/h2>\n\n\n\n<p>Equi-Nutri peut transf\u00e9rer les donn\u00e9es personnelles en dehors de la Belgique et de l\u2019UE pour des fins d\u00e9termin\u00e9es. Ces donn\u00e9es et informations peuvent \u00eatre divulgu\u00e9es, trait\u00e9es, conserv\u00e9es conform\u00e9ment aux lois, r\u00e8gles et r\u00e9glementations locales en mati\u00e8re de protection des donn\u00e9es applicables dans les juridictions concern\u00e9es.<br>\nEqui-Nutri vous demandera votre consentement explicite avant de transf\u00e9rer vos donn\u00e9es personnelles vers un pays tiers ayant un niveau de protection insuffisant.<\/p>\n\n\n\n<h2 class=\"wp-block-heading\">7.    Divulgation de donn\u00e9es personnelles de tiers \u00e0 Equi-Nutri<\/h2>\n\n\n\n<p>Avant de divulguer \u00e0 Equi-Nutri des donn\u00e9es personnelles relatives \u00e0 vos employ\u00e9s, prestataires et autres, vous devez vous assurer que ces personnes sont d\u00fbment inform\u00e9es de la<\/p>\n\n\n\n<p>pr\u00e9sente politique et, si n\u00e9cessaire, avoir obtenu leur consentement quant \u00e0 la collecte,<br>\nl\u2019utilisation et la divulgation de leurs donn\u00e9es personnelles d\u00e9crites dans cette politique.<\/p>\n\n\n\n<h2 class=\"wp-block-heading\">8.    Mise \u00e0 jour des donn\u00e9es personnelles<\/h2>\n\n\n\n<p>En communiquant des donn\u00e9es personnelles \u00e0 Equi-Nutri, vous vous engagez \u00e0 ce que ces informations soient vraies, exactes et compl\u00e8tes.<br>\nAfin d\u2019assurer l\u2019exactitude et la validit\u00e9 des donn\u00e9es personnelles collect\u00e9es, utilis\u00e9es et divulgu\u00e9es, vous devez informer Equi-Nutri par \u00e9crit de tout changement dans les donn\u00e9es personnelles pr\u00e9c\u00e9demment fournies \u00e0 Equi-Nutri.<\/p>\n\n\n\n<h2 class=\"wp-block-heading\">9.    Droits des personnes concern\u00e9es et personne \u00e0 contacter au sein d\u2019Equi-Nutri<\/h2>\n\n\n\n<p>Equi-Nutri maintient un haut niveau de transparence concernant les donn\u00e9es qu\u2019elle utilise. Pour autant que les conditions d\u00e9finies dans la l\u00e9gislation applicable soient remplies, toutes les personnes dont les donn\u00e9es sont trait\u00e9es ont le droit :<\/p>\n\n\n\n<ul class=\"wp-block-list\">\n<li>de demander des informations afin de savoir si Equi-Nutri poss\u00e8de des informations personnelles et, le cas \u00e9ch\u00e9ant, quelles sont ces informations et \u00e0 quelles fins elles sont trait\u00e9es ;<\/li>\n\n\n\n<li>d\u2019acc\u00e9der \u00e0 leurs donn\u00e9es \u00e0 caract\u00e8re personnel et, le cas \u00e9ch\u00e9ant, de rectifier lesdites donn\u00e9es ;<\/li>\n\n\n\n<li>de s\u2019opposer au traitement concern\u00e9 pour des raisons tenant \u00e0 leur situation particuli\u00e8re ;<\/li>\n\n\n\n<li>d\u2019obtenir l\u2019effacement de ces donn\u00e9es ou la limitation de leur traitement, ce qui permet p.ex. de demander \u00e0 Equi-Nutri la suspension du traitement des donn\u00e9es personnelles, le temps n\u00e9cessaire \u00e0 la v\u00e9rification de l\u2019exactitude de certaines donn\u00e9es ;<\/li>\n\n\n\n<li>de recevoir les donn\u00e9es \u00e0 caract\u00e8re personnel les concernant dans un format structur\u00e9, couramment utilis\u00e9 et lisible par machine, et de transmettre ces donn\u00e9es \u00e0 un autre responsable de traitement ;<\/li>\n\n\n\n<li>d\u2019introduire une r\u00e9clamation aupr\u00e8s de l\u2019Autorit\u00e9 de protection des donn\u00e9es si elles constatent que ce traitement enfreint la l\u00e9gislation et la r\u00e9glementation applicables.<\/li>\n<\/ul>\n\n\n\n<p>Vous pouvez exercer les droits mentionn\u00e9s ci-dessus au moyen d\u2019une demande dat\u00e9e et sign\u00e9e et accompagn\u00e9e, pour des raisons de s\u00e9curit\u00e9, d\u2019une copie de la carte d\u2019identit\u00e9. La demande peut \u00eatre adress\u00e9e par voie postale \u00e0 Equi-Nutri, D\u00e9l\u00e9gu\u00e9 \u00e0 la protection des donn\u00e9es, rue Devant Chavri 1, B-6922 Wellin. La demande peut \u00e9galement \u00eatre envoy\u00e9e par courriel avec signature \u00e9lectronique \u00e0 l\u2019adresse suivante : contact@equi-nutri.be.<br> L\u2019exercice de ces droits est par ailleurs gratuit. Si toutefois la demande est manifestement<br> infond\u00e9e ou abusive, l\u2019acc\u00e8s peut \u00eatre refus\u00e9 et\/ou des frais raisonnables peuvent \u00eatre factur\u00e9s. Cette politique fait partie int\u00e9grante de tous les contrats, accords ou autres engagements contraignants que vous avez conclus ou que vous avez l\u2019intention de conclure avec Equi- Nutri.<br> Cette politique peut \u00eatre mise \u00e0 jour au fil du temps pour refl\u00e9ter les changements et d\u00e9veloppements de la l\u00e9gislation en mati\u00e8re de protection des donn\u00e9es.<\/p>\n\n\n\n<p>Date de la version : 07\/12\/2023<\/p>\n","protected":false},"excerpt":{"rendered":"<p>1. Collecte de donn\u00e9es \u00e0 caract\u00e8re personnel Les donn\u00e9es \u00e0 caract\u00e8re personnel d\u00e9signent toute information se rapportant \u00e0 une personne physique identifi\u00e9e ou identifiable, telle que le nom, les coordonn\u00e9es t\u00e9l\u00e9phoniques, une adresse e-mail, un num\u00e9ro de compte bancaire, \u2026 Elles peuvent concerner des fournisseurs, des utilisateurs d\u2019Equi-Nutri, des employ\u00e9s, des candidats, des agents et [&hellip;]<\/p>\n","protected":false},"author":1,"featured_media":0,"parent":0,"menu_order":24,"comment_status":"closed","ping_status":"closed","template":"","meta":{"_acf_changed":false,"footnotes":""},"class_list":["post-43","page","type-page","status-publish","hentry"],"acf":[],"yoast_head":"<!-- This site is optimized with the Yoast SEO plugin v27.4 - https:\/\/yoast.com\/product\/yoast-seo-wordpress\/ -->\n<title>Mentions l\u00e9gales - Laboratoire Equi-Nutri<\/title>\n<meta name=\"robots\" content=\"noindex, follow, max-snippet:-1, max-image-preview:large, max-video-preview:-1\" \/>\n<meta property=\"og:locale\" content=\"fr_FR\" \/>\n<meta property=\"og:type\" content=\"article\" \/>\n<meta property=\"og:title\" content=\"Mentions l\u00e9gales - Laboratoire Equi-Nutri\" \/>\n<meta property=\"og:description\" content=\"1. Collecte de donn\u00e9es \u00e0 caract\u00e8re personnel Les donn\u00e9es \u00e0 caract\u00e8re personnel d\u00e9signent toute information se rapportant \u00e0 une personne physique identifi\u00e9e ou identifiable, telle que le nom, les coordonn\u00e9es t\u00e9l\u00e9phoniques, une adresse e-mail, un num\u00e9ro de compte bancaire, \u2026 Elles peuvent concerner des fournisseurs, des utilisateurs d\u2019Equi-Nutri, des employ\u00e9s, des candidats, des agents et [&hellip;]\" \/>\n<meta property=\"og:url\" content=\"http:\/\/eq.promisys-web.be\/fr\/mentions-legales\/\" \/>\n<meta property=\"og:site_name\" content=\"Laboratoire Equi-Nutri\" \/>\n<meta property=\"article:modified_time\" content=\"2023-12-07T10:15:30+00:00\" \/>\n<meta name=\"twitter:card\" content=\"summary_large_image\" \/>\n<meta name=\"twitter:label1\" content=\"Dur\u00e9e de lecture estim\u00e9e\" \/>\n\t<meta name=\"twitter:data1\" content=\"7 minutes\" \/>\n<script type=\"application\/ld+json\" class=\"yoast-schema-graph\">{\"@context\":\"https:\\\/\\\/schema.org\",\"@graph\":[{\"@type\":\"WebPage\",\"@id\":\"http:\\\/\\\/eq.promisys-web.be\\\/fr\\\/mentions-legales\\\/\",\"url\":\"http:\\\/\\\/eq.promisys-web.be\\\/fr\\\/mentions-legales\\\/\",\"name\":\"Mentions l\u00e9gales - Laboratoire Equi-Nutri\",\"isPartOf\":{\"@id\":\"http:\\\/\\\/eq.promisys-web.be\\\/fr\\\/#website\"},\"datePublished\":\"2015-03-25T14:59:25+00:00\",\"dateModified\":\"2023-12-07T10:15:30+00:00\",\"breadcrumb\":{\"@id\":\"http:\\\/\\\/eq.promisys-web.be\\\/fr\\\/mentions-legales\\\/#breadcrumb\"},\"inLanguage\":\"fr-FR\",\"potentialAction\":[{\"@type\":\"ReadAction\",\"target\":[\"http:\\\/\\\/eq.promisys-web.be\\\/fr\\\/mentions-legales\\\/\"]}]},{\"@type\":\"BreadcrumbList\",\"@id\":\"http:\\\/\\\/eq.promisys-web.be\\\/fr\\\/mentions-legales\\\/#breadcrumb\",\"itemListElement\":[{\"@type\":\"ListItem\",\"position\":1,\"name\":\"Accueil\",\"item\":\"http:\\\/\\\/eq.promisys-web.be\\\/fr\\\/\"},{\"@type\":\"ListItem\",\"position\":2,\"name\":\"Mentions l\u00e9gales\"}]},{\"@type\":\"WebSite\",\"@id\":\"http:\\\/\\\/eq.promisys-web.be\\\/fr\\\/#website\",\"url\":\"http:\\\/\\\/eq.promisys-web.be\\\/fr\\\/\",\"name\":\"Laboratoire Equi-Nutri\",\"description\":\"Laboratoire\",\"potentialAction\":[{\"@type\":\"SearchAction\",\"target\":{\"@type\":\"EntryPoint\",\"urlTemplate\":\"http:\\\/\\\/eq.promisys-web.be\\\/fr\\\/?s={search_term_string}\"},\"query-input\":{\"@type\":\"PropertyValueSpecification\",\"valueRequired\":true,\"valueName\":\"search_term_string\"}}],\"inLanguage\":\"fr-FR\"}]}<\/script>\n<!-- \/ Yoast SEO plugin. -->","yoast_head_json":{"title":"Mentions l\u00e9gales - Laboratoire Equi-Nutri","robots":{"index":"noindex","follow":"follow","max-snippet":"max-snippet:-1","max-image-preview":"max-image-preview:large","max-video-preview":"max-video-preview:-1"},"og_locale":"fr_FR","og_type":"article","og_title":"Mentions l\u00e9gales - Laboratoire Equi-Nutri","og_description":"1. Collecte de donn\u00e9es \u00e0 caract\u00e8re personnel Les donn\u00e9es \u00e0 caract\u00e8re personnel d\u00e9signent toute information se rapportant \u00e0 une personne physique identifi\u00e9e ou identifiable, telle que le nom, les coordonn\u00e9es t\u00e9l\u00e9phoniques, une adresse e-mail, un num\u00e9ro de compte bancaire, \u2026 Elles peuvent concerner des fournisseurs, des utilisateurs d\u2019Equi-Nutri, des employ\u00e9s, des candidats, des agents et [&hellip;]","og_url":"http:\/\/eq.promisys-web.be\/fr\/mentions-legales\/","og_site_name":"Laboratoire Equi-Nutri","article_modified_time":"2023-12-07T10:15:30+00:00","twitter_card":"summary_large_image","twitter_misc":{"Dur\u00e9e de lecture estim\u00e9e":"7 minutes"},"schema":{"@context":"https:\/\/schema.org","@graph":[{"@type":"WebPage","@id":"http:\/\/eq.promisys-web.be\/fr\/mentions-legales\/","url":"http:\/\/eq.promisys-web.be\/fr\/mentions-legales\/","name":"Mentions l\u00e9gales - Laboratoire Equi-Nutri","isPartOf":{"@id":"http:\/\/eq.promisys-web.be\/fr\/#website"},"datePublished":"2015-03-25T14:59:25+00:00","dateModified":"2023-12-07T10:15:30+00:00","breadcrumb":{"@id":"http:\/\/eq.promisys-web.be\/fr\/mentions-legales\/#breadcrumb"},"inLanguage":"fr-FR","potentialAction":[{"@type":"ReadAction","target":["http:\/\/eq.promisys-web.be\/fr\/mentions-legales\/"]}]},{"@type":"BreadcrumbList","@id":"http:\/\/eq.promisys-web.be\/fr\/mentions-legales\/#breadcrumb","itemListElement":[{"@type":"ListItem","position":1,"name":"Accueil","item":"http:\/\/eq.promisys-web.be\/fr\/"},{"@type":"ListItem","position":2,"name":"Mentions l\u00e9gales"}]},{"@type":"WebSite","@id":"http:\/\/eq.promisys-web.be\/fr\/#website","url":"http:\/\/eq.promisys-web.be\/fr\/","name":"Laboratoire Equi-Nutri","description":"Laboratoire","potentialAction":[{"@type":"SearchAction","target":{"@type":"EntryPoint","urlTemplate":"http:\/\/eq.promisys-web.be\/fr\/?s={search_term_string}"},"query-input":{"@type":"PropertyValueSpecification","valueRequired":true,"valueName":"search_term_string"}}],"inLanguage":"fr-FR"}]}},"_links":{"self":[{"href":"http:\/\/eq.promisys-web.be\/fr\/wp-json\/wp\/v2\/pages\/43","targetHints":{"allow":["GET"]}}],"collection":[{"href":"http:\/\/eq.promisys-web.be\/fr\/wp-json\/wp\/v2\/pages"}],"about":[{"href":"http:\/\/eq.promisys-web.be\/fr\/wp-json\/wp\/v2\/types\/page"}],"author":[{"embeddable":true,"href":"http:\/\/eq.promisys-web.be\/fr\/wp-json\/wp\/v2\/users\/1"}],"replies":[{"embeddable":true,"href":"http:\/\/eq.promisys-web.be\/fr\/wp-json\/wp\/v2\/comments?post=43"}],"version-history":[{"count":2,"href":"http:\/\/eq.promisys-web.be\/fr\/wp-json\/wp\/v2\/pages\/43\/revisions"}],"predecessor-version":[{"id":10292,"href":"http:\/\/eq.promisys-web.be\/fr\/wp-json\/wp\/v2\/pages\/43\/revisions\/10292"}],"wp:attachment":[{"href":"http:\/\/eq.promisys-web.be\/fr\/wp-json\/wp\/v2\/media?parent=43"}],"curies":[{"name":"wp","href":"https:\/\/api.w.org\/{rel}","templated":true}]}}