{"id":4100,"date":"2018-05-17T13:10:12","date_gmt":"2018-05-17T12:10:12","guid":{"rendered":"https:\/\/dev.equi-nutri.be\/?page_id=4100"},"modified":"2023-05-08T12:23:34","modified_gmt":"2023-05-08T11:23:34","slug":"phytotherapie","status":"publish","type":"page","link":"http:\/\/eq.promisys-web.be\/fr\/a-propos\/nos-gamme-de-produits\/phytotherapie\/","title":{"rendered":"Phytoth\u00e9rapie"},"content":{"rendered":"\n<div class=\"wp-block-columns has-2-columns is-layout-flex wp-container-core-columns-is-layout-9d6595d7 wp-block-columns-is-layout-flex\">\n<div class=\"wp-block-column is-layout-flow wp-block-column-is-layout-flow\">\n<h2 class=\"wp-block-heading\">Principe de base<\/h2>\n\n\n\n<p>Adoptez une alimentation saine et \u00e9quilibr\u00e9e et bougez plus. Ces \u00e9l\u00e9ments constituent le pilier de votre bien-\u00eatre.<\/p>\n\n\n\n<p>L\u2019objectif des compl\u00e9ments alimentaires \u00e0 base de plantes consiste \u00e0 contribuer au bien-\u00eatre des consommateurs gr\u00e2ce aux effets nutritionnels ou physiologiques qu\u2019ils apportent.<\/p>\n\n\n\n<h2 class=\"wp-block-heading\">Histoire<\/h2>\n\n\n\n<p>La phytoth\u00e9rapie fait partie des m\u00e9decines dites parall\u00e8les, ou m\u00e9decines dites douces. L&#8217;emploi des plantes remonte \u00e0 la plus haute antiquit\u00e9 et concerne un grand nombre de civilisations. Des \u00e9crits chinois sur ce sujet datent de plusieurs mill\u00e9naires. D&rsquo;autres proviennent de la Gr\u00e8ce antique (r\u00e9dig\u00e9s par exemple par Hippocrate ou Dioscoride), du Moyen \u00c2ge arabe (textes d&rsquo;Avicenne, essentiellement) ou du Moyen \u00c2ge occidental (textes de l&rsquo;\u00e9cole de m\u00e9decine de Salerne, en Italie).<br>Certains de ces anciens trait\u00e9s de phytoth\u00e9rapie ont \u00e9t\u00e9 cr\u00e9\u00e9s \u00e0 partir d&rsquo;observations.<br>Au d\u00e9but du XXe si\u00e8cle, la phytoth\u00e9rapie est plus ou moins oubli\u00e9e, concurrenc\u00e9e par l&rsquo;efficacit\u00e9 des m\u00e9dicaments, dont beaucoup sont d&rsquo;ailleurs fabriqu\u00e9s \u00e0 partir de plantes.<\/p>\n\n\n\n<p>.<\/p>\n\n\n\n<p><\/p>\n<\/div>\n\n\n\n<div class=\"wp-block-column is-layout-flow wp-block-column-is-layout-flow\">\n<h2 class=\"wp-block-heading\">Les + Equi-Nutri<\/h2>\n\n\n\n<ul class=\"wp-block-list\">\n<li>Nutriments hautement dos\u00e9s en principes actifs d\u2019origine naturelle et stables<\/li>\n\n\n\n<li>Gamme conforme aux normes   Europ\u00e9ennes (NUT\/PL)<\/li>\n\n\n\n<li>Formules innovantes et uniques<\/li>\n\n\n\n<li>Gamme de min\u00e9raux sous forme de pidolates<\/li>\n\n\n\n<li>Produits sans\n<ul class=\"wp-block-list\">\n<li>OGM<\/li>\n\n\n\n<li>Gluten<\/li>\n\n\n\n<li>Nanoparticule<\/li>\n\n\n\n<li>Dioxyde de titane<\/li>\n\n\n\n<li>Dioxyde de Silicium<\/li>\n\n\n\n<li>St\u00e9arate de Magn\u00e9sium     <\/li>\n<\/ul>\n<\/li>\n\n\n\n<li>G\u00e9lules v\u00e9g\u00e9tales<\/li>\n\n\n\n<li>Conditionnent dans des pots fonc\u00e9s (anti UV) et opercul\u00e9s<\/li>\n<\/ul>\n\n\n\n<h2 class=\"wp-block-heading\">Le ++ produit : <\/h2>\n\n\n\n<h2 class=\"wp-block-heading\">Le <strong>Lithothamne<\/strong> comme excipient principal<\/h2>\n\n\n\n<p>Un excipient est une substance \u00ab\u00a0neutre\u00a0\u00bb qui rentre dans la composition d&rsquo;un compl\u00e9ment alimentaire ou d&rsquo;un m\u00e9dicament utilis\u00e9 pour sa fabrication.<br>Il a pour r\u00f4le d&rsquo;am\u00e9liorer l&rsquo;aspect, d&rsquo;assurer la conservation et de faciliter l&rsquo;administration et l&rsquo;absorption des principes actifs.<br>Les excipients connus sont le dioxyde de titane, de silicium, le st\u00e9arate de magn\u00e9sium qui sont consid\u00e9r\u00e9s comme largement controvers\u00e9s aujourd&rsquo;hui par les autorit\u00e9s europ\u00e9ennes.<\/p>\n\n\n\n<p><strong>Equi-Nutri<\/strong> a choisi d\u2019utiliser le lithothamne comme excipient pour diverses raisons :<\/p>\n\n\n\n<ul class=\"wp-block-list\">\n<li>Ses bienfaits alcalinisant et remin\u00e9ralisant<\/li>\n\n\n\n<li>Il favorise la biodisponibilit\u00e9 de nos principes actifs<\/li>\n\n\n\n<li>Il n\u2019encrasse pas notre organisme (contrairement au st\u00e9arate de mg, par exemple, qui surcharge notre foie, contribue \u00e0 une pr\u00e9cipitation r\u00e9nale et, sur du long terme, obstrue le passage des nutriments au niveau de la paroi intestinale)<\/li>\n\n\n\n<li>Il est micronis\u00e9 pour augmenter sa biodisponibilit\u00e9<\/li>\n<\/ul>\n\n\n<div class=\"wp-block-image\">\n<figure class=\"aligncenter\"><img loading=\"lazy\" decoding=\"async\" width=\"200\" height=\"200\" src=\"https:\/\/www.equi-nutri.be\/wp-content\/uploads\/2019\/02\/lithothame.png\" alt=\"\" class=\"wp-image-5794\" srcset=\"http:\/\/eq.promisys-web.be\/wp-content\/uploads\/2019\/02\/lithothame.png 200w, http:\/\/eq.promisys-web.be\/wp-content\/uploads\/2019\/02\/lithothame-120x120.png 120w\" sizes=\"auto, (max-width: 200px) 100vw, 200px\" \/><\/figure><\/div><\/div>\n<\/div>\n","protected":false},"excerpt":{"rendered":"<p>Principe de base Adoptez une alimentation saine et \u00e9quilibr\u00e9e et bougez plus. Ces \u00e9l\u00e9ments constituent le pilier de votre bien-\u00eatre. L\u2019objectif des compl\u00e9ments alimentaires \u00e0 base de plantes consiste \u00e0 contribuer au bien-\u00eatre des consommateurs gr\u00e2ce aux effets nutritionnels ou physiologiques qu\u2019ils apportent. Histoire La phytoth\u00e9rapie fait partie des m\u00e9decines dites parall\u00e8les, ou m\u00e9decines dites [&hellip;]<\/p>\n","protected":false},"author":1,"featured_media":6649,"parent":9687,"menu_order":54,"comment_status":"closed","ping_status":"closed","template":"","meta":{"_acf_changed":false,"footnotes":""},"class_list":["post-4100","page","type-page","status-publish","has-post-thumbnail","hentry"],"acf":[],"yoast_head":"<!-- This site is optimized with the Yoast SEO plugin v27.4 - https:\/\/yoast.com\/product\/yoast-seo-wordpress\/ -->\n<title>Phytoth\u00e9rapie - Laboratoire Equi-Nutri<\/title>\n<meta name=\"robots\" content=\"noindex, follow, max-snippet:-1, max-image-preview:large, max-video-preview:-1\" \/>\n<meta property=\"og:locale\" content=\"fr_FR\" \/>\n<meta property=\"og:type\" content=\"article\" \/>\n<meta property=\"og:title\" content=\"Phytoth\u00e9rapie - Laboratoire Equi-Nutri\" \/>\n<meta property=\"og:description\" content=\"Principe de base Adoptez une alimentation saine et \u00e9quilibr\u00e9e et bougez plus. Ces \u00e9l\u00e9ments constituent le pilier de votre bien-\u00eatre. L\u2019objectif des compl\u00e9ments alimentaires \u00e0 base de plantes consiste \u00e0 contribuer au bien-\u00eatre des consommateurs gr\u00e2ce aux effets nutritionnels ou physiologiques qu\u2019ils apportent. Histoire La phytoth\u00e9rapie fait partie des m\u00e9decines dites parall\u00e8les, ou m\u00e9decines dites [&hellip;]\" \/>\n<meta property=\"og:url\" content=\"http:\/\/eq.promisys-web.be\/fr\/a-propos\/nos-gamme-de-produits\/phytotherapie\/\" \/>\n<meta property=\"og:site_name\" content=\"Laboratoire Equi-Nutri\" \/>\n<meta property=\"article:modified_time\" content=\"2023-05-08T11:23:34+00:00\" \/>\n<meta property=\"og:image\" content=\"http:\/\/eq.promisys-web.be\/wp-content\/uploads\/2021\/10\/phytotherapie.jpg\" \/>\n\t<meta property=\"og:image:width\" content=\"686\" \/>\n\t<meta property=\"og:image:height\" content=\"685\" \/>\n\t<meta property=\"og:image:type\" content=\"image\/jpeg\" \/>\n<meta name=\"twitter:card\" content=\"summary_large_image\" \/>\n<script type=\"application\/ld+json\" class=\"yoast-schema-graph\">{\"@context\":\"https:\\\/\\\/schema.org\",\"@graph\":[{\"@type\":\"WebPage\",\"@id\":\"http:\\\/\\\/eq.promisys-web.be\\\/fr\\\/a-propos\\\/nos-gamme-de-produits\\\/phytotherapie\\\/\",\"url\":\"http:\\\/\\\/eq.promisys-web.be\\\/fr\\\/a-propos\\\/nos-gamme-de-produits\\\/phytotherapie\\\/\",\"name\":\"Phytoth\u00e9rapie - Laboratoire Equi-Nutri\",\"isPartOf\":{\"@id\":\"http:\\\/\\\/eq.promisys-web.be\\\/fr\\\/#website\"},\"primaryImageOfPage\":{\"@id\":\"http:\\\/\\\/eq.promisys-web.be\\\/fr\\\/a-propos\\\/nos-gamme-de-produits\\\/phytotherapie\\\/#primaryimage\"},\"image\":{\"@id\":\"http:\\\/\\\/eq.promisys-web.be\\\/fr\\\/a-propos\\\/nos-gamme-de-produits\\\/phytotherapie\\\/#primaryimage\"},\"thumbnailUrl\":\"http:\\\/\\\/eq.promisys-web.be\\\/wp-content\\\/uploads\\\/2021\\\/10\\\/phytotherapie.jpg\",\"datePublished\":\"2018-05-17T12:10:12+00:00\",\"dateModified\":\"2023-05-08T11:23:34+00:00\",\"breadcrumb\":{\"@id\":\"http:\\\/\\\/eq.promisys-web.be\\\/fr\\\/a-propos\\\/nos-gamme-de-produits\\\/phytotherapie\\\/#breadcrumb\"},\"inLanguage\":\"fr-FR\",\"potentialAction\":[{\"@type\":\"ReadAction\",\"target\":[\"http:\\\/\\\/eq.promisys-web.be\\\/fr\\\/a-propos\\\/nos-gamme-de-produits\\\/phytotherapie\\\/\"]}]},{\"@type\":\"ImageObject\",\"inLanguage\":\"fr-FR\",\"@id\":\"http:\\\/\\\/eq.promisys-web.be\\\/fr\\\/a-propos\\\/nos-gamme-de-produits\\\/phytotherapie\\\/#primaryimage\",\"url\":\"http:\\\/\\\/eq.promisys-web.be\\\/wp-content\\\/uploads\\\/2021\\\/10\\\/phytotherapie.jpg\",\"contentUrl\":\"http:\\\/\\\/eq.promisys-web.be\\\/wp-content\\\/uploads\\\/2021\\\/10\\\/phytotherapie.jpg\",\"width\":686,\"height\":685},{\"@type\":\"BreadcrumbList\",\"@id\":\"http:\\\/\\\/eq.promisys-web.be\\\/fr\\\/a-propos\\\/nos-gamme-de-produits\\\/phytotherapie\\\/#breadcrumb\",\"itemListElement\":[{\"@type\":\"ListItem\",\"position\":1,\"name\":\"Accueil\",\"item\":\"http:\\\/\\\/eq.promisys-web.be\\\/fr\\\/\"},{\"@type\":\"ListItem\",\"position\":2,\"name\":\"Qui sommes-nous ?\",\"item\":\"http:\\\/\\\/eq.promisys-web.be\\\/fr\\\/a-propos\\\/\"},{\"@type\":\"ListItem\",\"position\":3,\"name\":\"Nos gamme de produits\",\"item\":\"http:\\\/\\\/eq.promisys-web.be\\\/fr\\\/a-propos\\\/nos-gamme-de-produits\\\/\"},{\"@type\":\"ListItem\",\"position\":4,\"name\":\"Phytoth\u00e9rapie\"}]},{\"@type\":\"WebSite\",\"@id\":\"http:\\\/\\\/eq.promisys-web.be\\\/fr\\\/#website\",\"url\":\"http:\\\/\\\/eq.promisys-web.be\\\/fr\\\/\",\"name\":\"Laboratoire Equi-Nutri\",\"description\":\"Laboratoire\",\"potentialAction\":[{\"@type\":\"SearchAction\",\"target\":{\"@type\":\"EntryPoint\",\"urlTemplate\":\"http:\\\/\\\/eq.promisys-web.be\\\/fr\\\/?s={search_term_string}\"},\"query-input\":{\"@type\":\"PropertyValueSpecification\",\"valueRequired\":true,\"valueName\":\"search_term_string\"}}],\"inLanguage\":\"fr-FR\"}]}<\/script>\n<!-- \/ Yoast SEO plugin. -->","yoast_head_json":{"title":"Phytoth\u00e9rapie - Laboratoire Equi-Nutri","robots":{"index":"noindex","follow":"follow","max-snippet":"max-snippet:-1","max-image-preview":"max-image-preview:large","max-video-preview":"max-video-preview:-1"},"og_locale":"fr_FR","og_type":"article","og_title":"Phytoth\u00e9rapie - Laboratoire Equi-Nutri","og_description":"Principe de base Adoptez une alimentation saine et \u00e9quilibr\u00e9e et bougez plus. Ces \u00e9l\u00e9ments constituent le pilier de votre bien-\u00eatre. L\u2019objectif des compl\u00e9ments alimentaires \u00e0 base de plantes consiste \u00e0 contribuer au bien-\u00eatre des consommateurs gr\u00e2ce aux effets nutritionnels ou physiologiques qu\u2019ils apportent. Histoire La phytoth\u00e9rapie fait partie des m\u00e9decines dites parall\u00e8les, ou m\u00e9decines dites [&hellip;]","og_url":"http:\/\/eq.promisys-web.be\/fr\/a-propos\/nos-gamme-de-produits\/phytotherapie\/","og_site_name":"Laboratoire Equi-Nutri","article_modified_time":"2023-05-08T11:23:34+00:00","og_image":[{"width":686,"height":685,"url":"http:\/\/eq.promisys-web.be\/wp-content\/uploads\/2021\/10\/phytotherapie.jpg","type":"image\/jpeg"}],"twitter_card":"summary_large_image","schema":{"@context":"https:\/\/schema.org","@graph":[{"@type":"WebPage","@id":"http:\/\/eq.promisys-web.be\/fr\/a-propos\/nos-gamme-de-produits\/phytotherapie\/","url":"http:\/\/eq.promisys-web.be\/fr\/a-propos\/nos-gamme-de-produits\/phytotherapie\/","name":"Phytoth\u00e9rapie - Laboratoire Equi-Nutri","isPartOf":{"@id":"http:\/\/eq.promisys-web.be\/fr\/#website"},"primaryImageOfPage":{"@id":"http:\/\/eq.promisys-web.be\/fr\/a-propos\/nos-gamme-de-produits\/phytotherapie\/#primaryimage"},"image":{"@id":"http:\/\/eq.promisys-web.be\/fr\/a-propos\/nos-gamme-de-produits\/phytotherapie\/#primaryimage"},"thumbnailUrl":"http:\/\/eq.promisys-web.be\/wp-content\/uploads\/2021\/10\/phytotherapie.jpg","datePublished":"2018-05-17T12:10:12+00:00","dateModified":"2023-05-08T11:23:34+00:00","breadcrumb":{"@id":"http:\/\/eq.promisys-web.be\/fr\/a-propos\/nos-gamme-de-produits\/phytotherapie\/#breadcrumb"},"inLanguage":"fr-FR","potentialAction":[{"@type":"ReadAction","target":["http:\/\/eq.promisys-web.be\/fr\/a-propos\/nos-gamme-de-produits\/phytotherapie\/"]}]},{"@type":"ImageObject","inLanguage":"fr-FR","@id":"http:\/\/eq.promisys-web.be\/fr\/a-propos\/nos-gamme-de-produits\/phytotherapie\/#primaryimage","url":"http:\/\/eq.promisys-web.be\/wp-content\/uploads\/2021\/10\/phytotherapie.jpg","contentUrl":"http:\/\/eq.promisys-web.be\/wp-content\/uploads\/2021\/10\/phytotherapie.jpg","width":686,"height":685},{"@type":"BreadcrumbList","@id":"http:\/\/eq.promisys-web.be\/fr\/a-propos\/nos-gamme-de-produits\/phytotherapie\/#breadcrumb","itemListElement":[{"@type":"ListItem","position":1,"name":"Accueil","item":"http:\/\/eq.promisys-web.be\/fr\/"},{"@type":"ListItem","position":2,"name":"Qui sommes-nous ?","item":"http:\/\/eq.promisys-web.be\/fr\/a-propos\/"},{"@type":"ListItem","position":3,"name":"Nos gamme de produits","item":"http:\/\/eq.promisys-web.be\/fr\/a-propos\/nos-gamme-de-produits\/"},{"@type":"ListItem","position":4,"name":"Phytoth\u00e9rapie"}]},{"@type":"WebSite","@id":"http:\/\/eq.promisys-web.be\/fr\/#website","url":"http:\/\/eq.promisys-web.be\/fr\/","name":"Laboratoire Equi-Nutri","description":"Laboratoire","potentialAction":[{"@type":"SearchAction","target":{"@type":"EntryPoint","urlTemplate":"http:\/\/eq.promisys-web.be\/fr\/?s={search_term_string}"},"query-input":{"@type":"PropertyValueSpecification","valueRequired":true,"valueName":"search_term_string"}}],"inLanguage":"fr-FR"}]}},"_links":{"self":[{"href":"http:\/\/eq.promisys-web.be\/fr\/wp-json\/wp\/v2\/pages\/4100","targetHints":{"allow":["GET"]}}],"collection":[{"href":"http:\/\/eq.promisys-web.be\/fr\/wp-json\/wp\/v2\/pages"}],"about":[{"href":"http:\/\/eq.promisys-web.be\/fr\/wp-json\/wp\/v2\/types\/page"}],"author":[{"embeddable":true,"href":"http:\/\/eq.promisys-web.be\/fr\/wp-json\/wp\/v2\/users\/1"}],"replies":[{"embeddable":true,"href":"http:\/\/eq.promisys-web.be\/fr\/wp-json\/wp\/v2\/comments?post=4100"}],"version-history":[{"count":13,"href":"http:\/\/eq.promisys-web.be\/fr\/wp-json\/wp\/v2\/pages\/4100\/revisions"}],"predecessor-version":[{"id":9513,"href":"http:\/\/eq.promisys-web.be\/fr\/wp-json\/wp\/v2\/pages\/4100\/revisions\/9513"}],"up":[{"embeddable":true,"href":"http:\/\/eq.promisys-web.be\/fr\/wp-json\/wp\/v2\/pages\/9687"}],"wp:featuredmedia":[{"embeddable":true,"href":"http:\/\/eq.promisys-web.be\/fr\/wp-json\/wp\/v2\/media\/6649"}],"wp:attachment":[{"href":"http:\/\/eq.promisys-web.be\/fr\/wp-json\/wp\/v2\/media?parent=4100"}],"curies":[{"name":"wp","href":"https:\/\/api.w.org\/{rel}","templated":true}]}}