{"id":4094,"date":"2018-05-17T13:09:03","date_gmt":"2018-05-17T12:09:03","guid":{"rendered":"https:\/\/dev.equi-nutri.be\/?page_id=4094"},"modified":"2023-05-08T12:23:40","modified_gmt":"2023-05-08T11:23:40","slug":"seve-de-bouleau","status":"publish","type":"page","link":"http:\/\/eq.promisys-web.be\/fr\/a-propos\/nos-gamme-de-produits\/seve-de-bouleau\/","title":{"rendered":"S\u00e8ve de bouleau"},"content":{"rendered":"\n<div class=\"wp-block-columns has-2-columns is-layout-flex wp-container-core-columns-is-layout-9d6595d7 wp-block-columns-is-layout-flex\">\n<div class=\"wp-block-column is-layout-flow wp-block-column-is-layout-flow\">\n<p>Le nom s\u00e8ve d\u00e9signe le liquide qui circule dans les diff\u00e9rentes parties des v\u00e9g\u00e9taux. La s\u00e8ve dite \u00ab brute \u00bb est celle qui monte des racines vers les feuilles et celle dite \u00ab \u00e9labor\u00e9e \u00bb est produite dans les feuilles \u00e0 partir de la photosynth\u00e8se. La s\u00e8ve de bouleau utilis\u00e9e pour la cure est la s\u00e8ve brute min\u00e9rale.  <\/p>\n\n\n\n<h2 class=\"wp-block-heading\">La r\u00e9colte<\/h2>\n\n\n\n<p>La s\u00e8ve de bouleau se r\u00e9colte une seule fois par an de la mi-f\u00e9vrier \u00e0 la mi-avril, en fonction du climat. La mont\u00e9e de s\u00e8ve se produit avant l\u2019apparition des bourgeons et des feuilles, c\u2019est-\u00e0-dire sur une p\u00e9riode de quatre \u00e0 cinq semaines.  <\/p>\n\n\n\n<p>Cette r\u00e9colte se fait principalement par saign\u00e9e en introduisant par forage dans le tronc un tuyau de faible diam\u00e8tre sur une profondeur de deux \u00e0 cinq centim\u00e8tres.  Une fois la s\u00e8ve r\u00e9colt\u00e9e, le trou est bouch\u00e9 par une cheville de bois.  <\/p>\n\n\n\n<p>La s\u00e8ve est g\u00e9n\u00e9ralement r\u00e9colt\u00e9e sur des arbres qui ont entre vingt et cinquante ans. Ces arbres, loin d\u2019en \u00eatre affaiblis, s\u2019en trouvent stimul\u00e9s et renforc\u00e9s pour la saison \u00e0 venir. La s\u00e8ve de bouleau ainsi r\u00e9colt\u00e9e manuellement est un liquide tr\u00e8s clair, voire incolore et \u00e0 premi\u00e8re vue, elle est aussi limpide que l\u2019eau claire.  <\/p>\n\n\n\n<p>Toutefois, par la pr\u00e9sence de fructose, son go\u00fbt est naturellement l\u00e9g\u00e8rement sucr\u00e9. Seulement, son \u00e9tat ne reste pas stable dans le temps et de par la pr\u00e9sence de sucre, elle fermente, devient acidul\u00e9e et quand on la laisse reposer quelques jours, on voit appara\u00eetre un l\u00e9ger trouble. <\/p>\n\n\n\n<h2 class=\"wp-block-heading\">La conservation<\/h2>\n\n\n\n<p>La conservation et la stabilisation de la s\u00e8ve de bouleau peut s\u2019effectuer de diff\u00e9rentes fa\u00e7ons : ajout d\u2019alcool ou pasteurisation. <\/p>\n\n\n\n<h2 class=\"wp-block-heading\">Le milieu cellulaire<\/h2>\n\n\n\n<p>L\u2019eau repr\u00e9sente 60 \u00e0 70% du poids du corps. Dans l\u2019organisme, l\u2019eau (appel\u00e9 aussi liquide interstitiel) se r\u00e9partit entre les milieux intracellulaires et extracellulaires dans les proportions 2\/3-1\/3. <\/p>\n\n\n\n<p>Lorsque ce liquide interstitiel est trop charg\u00e9 en toxines, le fonctionnement des cellules est entrav\u00e9; on observe un ralentissement de l\u2019activit\u00e9, un vieillissement pr\u00e9matur\u00e9 et un d\u00e9r\u00e8glement des \u00e9changes au niveau cellulaire. <\/p>\n\n\n\n<p>Ce liquide permet de v\u00e9hiculer, au niveau sanguin, intra et extracellulaire, des mol\u00e9cules, des nutriments, des hormones et toute particule n\u00e9cessaire au bon fonctionnement de l\u2019organisme. Elle draine aussi les d\u00e9chets et les toxines des m\u00e9tabolismes, qui seront pris en charge par le syst\u00e8me sanguin et le syst\u00e8me lymphatique pour \u00eatre \u00e9limin\u00e9. <\/p>\n\n\n\n<p><strong>La s\u00e8ve de bouleau renouvelle et r\u00e9g\u00e9n\u00e8re<\/strong> le liquide interstitiel \u00e0 tous les niveaux. Elle va donc permettre l\u2019\u00e9limination hors de l\u2019organisme des d\u00e9chets extracellulaires gr\u00e2ce \u00e0 des \u00e9changes accrus entre syst\u00e8me lymphatique, sanguin et les organes d\u2019\u00e9limination comme le foie, les reins et les intestins. <\/p>\n\n\n\n<p>Apr\u00e8s une cure de s\u00e8ve de bouleau, on constate une am\u00e9lioration du bien-\u00eatre g\u00e9n\u00e9ral : relance des m\u00e9tabolismes, meilleure vitalit\u00e9, diminution des manifestations physiques et r\u00e9\u00e9quilibration g\u00e9n\u00e9rale de l&rsquo;organisme.<\/p>\n\n\n\n<h2 class=\"wp-block-heading\">Les constituants<\/h2>\n\n\n\n<p>La composition de la s\u00e8ve peut \u00eatre variable en fonction des terrains sur lesquels croissent les bouleaux. Plus les terrains sont <strong>riches en min\u00e9raux et oligo-\u00e9l\u00e9ments<\/strong> et plus la s\u00e8ve sera concentr\u00e9e en nutriments. Parmi les composants les plus importants on retrouve du <strong>fructose <\/strong>et deux h\u00e9t\u00e9rosides: le <strong>b\u00e9tuloside <\/strong>et le <strong>monotropitoside<\/strong>. Ces compos\u00e9s lib\u00e8rent par hydrolyse enzymatique du salicylate de m\u00e9thyle qui est reconnu pour ses <strong>propri\u00e9t\u00e9s calmantes et<\/strong> <strong>d\u00e9puratives<\/strong>.  <\/p>\n\n\n\n<p>La s\u00e8ve de bouleau renferme \u00e9galement des <strong>sels min\u00e9raux<\/strong> comme le mangan\u00e8se, le calcium, surtout du potassium et de la silice, des oligo-\u00e9l\u00e9ments, des <strong>acides amin\u00e9s<\/strong>, dont l\u2019acide L-glutamique, des <strong>mucilages<\/strong>, des <strong>flavono\u00efdes <\/strong>ou encore en infime quantit\u00e9 des <strong>hormones v\u00e9g\u00e9tales.<\/strong><\/p>\n<\/div>\n\n\n\n<div class=\"wp-block-column is-layout-flow wp-block-column-is-layout-flow\">\n<h2 class=\"wp-block-heading\">Les propri\u00e9t\u00e9s<\/h2>\n\n\n\n<p>La s\u00e8ve de bouleau a des <strong>vertus d\u00e9puratives, revitalisantes<\/strong> <strong>et r\u00e9\u00e9quilibrantes<\/strong> du milieu cellulaire. Une alimentation non adapt\u00e9e, le stress, la fatigue, le manque de mouvement physique, autant de param\u00e8tres qui diminuent jour apr\u00e8s jour l\u2019\u00e9nergie vitale. <\/p>\n\n\n\n<p>La cure de s\u00e8ve de bouleau va agir sur les <strong>deux principaux \u00e9monctoires de purification: le foie et les reins<\/strong>, permettant ainsi un drainage profond de l\u2019ensemble de l\u2019organisme et des liquides extracellulaires. <\/p>\n\n\n\n<p>Les toxines, les d\u00e9chets m\u00e9taboliques, mais aussi les toxiques (les pesticides, les colorants, les additifs, les conservateurs, les m\u00e9dicaments) accumul\u00e9s sont d\u00e9sincrust\u00e9s des tissus. La s\u00e8ve stimule la fonction h\u00e9patique et augmente l\u2019excr\u00e9tion de bile, favorisant ainsi le transit intestinal, indispensable pour l\u2019\u00e9limination.<\/p>\n\n\n\n<p>La s\u00e8ve de bouleau poss\u00e8de une action sur les reins, drainant et filtrant divers d\u00e9chets que sont l\u2019acide urique, l\u2019exc\u00e8s de sel, d\u2019ur\u00e9e, d\u2019ammoniaque ou encore de m\u00e9dicaments. De plus, elle favorise le d\u00e9sengorgement de tous les tissus, limitant la <strong>r\u00e9tention d\u2019eau<\/strong> et intervenant en particulier contre la <strong>cellulite<\/strong>. <\/p>\n\n\n\n<p>Enfin, la cure de s\u00e8ve de bouleau permet de se r\u00e9g\u00e9n\u00e9rer pour rapidement retrouver un <strong>regain de force et d\u2019\u00e9nergie<\/strong>.<\/p>\n\n\n\n<h2 class=\"wp-block-heading\">La cure de s\u00e8ve de bouleau<\/h2>\n\n\n\n<p>La cure traditionnelle et bas\u00e9e sur le cycle biologique, celui-ci dure <strong>21 jours<\/strong> (dur\u00e9e n\u00e9cessaire \u00e0 l\u2019organisme pour qu\u2019il se r\u00e9g\u00e9n\u00e8re) avec une pause d\u2019une semaine. <\/p>\n\n\n\n<p>D\u00e9buter \u00e0 la nouvelle lune renforce l\u2019action de la cure, et donne l\u2019information du renouveau. <\/p>\n\n\n\n<p>Plusieurs cures de 3 semaines sont parfois n\u00e9cessaires, en fonction du degr\u00e9 d\u2019intoxination, pour nettoyer l\u2019organisme de plus en plus en profondeur, et obtenir l\u2019effet revitalisant.<\/p>\n\n\n\n<p>En pratique, la dose est d\u2019<strong>une cuill\u00e8re \u00e0 soupe par jour<\/strong>,<strong> dans un verre d\u2019eau<\/strong>, <strong>de pr\u00e9f\u00e9rence le matin \u00e0 jeun<\/strong>. Pendant cette p\u00e9riode, on veillera \u00e0 all\u00e9ger son alimentation, boire de l\u2019eau ou des tisanes et \u00e0 s\u2019offrir des moments de repos ou de soin (massage, hydroth\u00e9rapie, drainage lymphatique, relaxation\u2026).<\/p>\n\n\n\n<p><strong>Pr\u00e9cautions : D\u00e9conseill\u00e9 avec la prise d\u2019anticoagulants et aux personnes souffrant d\u2019allergies aux d\u00e9riv\u00e9s salicyl\u00e9s. <\/strong><\/p>\n\n\n\n<h2 class=\"wp-block-heading\">La s\u00e8ve de bouleau Equi-Nutri<\/h2>\n\n\n\n<ul class=\"wp-block-list\">\n<li> R\u00e9colt\u00e9e en<strong> Anjou dans le respect<\/strong> de la nature: un trou par arbre, r\u00e9colte annuelle altern\u00e9e, les arbres de petit diam\u00e8tre sont pr\u00e9serv\u00e9s.<\/li>\n\n\n\n<li><strong>Bio, non congel\u00e9e<\/strong> et <strong>non pasteuris\u00e9e<\/strong>, garantie de sa richesse en nutriments.<\/li>\n\n\n\n<li>Stabilis\u00e9e \u00e0 l\u2019<strong>alcool de bl\u00e9 bio<\/strong> (14 % d\u2019alcool pour sa conservation \u00e0 long terme)<\/li>\n\n\n\n<li><strong>Potentialis\u00e9e <\/strong>par les bourgeons de cassis et de bouleau<\/li>\n\n\n\n<li><strong>Dynamis\u00e9e <\/strong>par du cristal de roche. <\/li>\n<\/ul>\n\n\n\n<p>Le <strong>cassis <\/strong>relance l\u2019\u00e9nergie vitale n\u00e9cessaire pour le drainage. Il am\u00e9liore les \u00e9tats inflammatoires et allergiques, en diminuant la r\u00e9activit\u00e9 et la douleur. Il aide en cas de stress aigu ou chronique.<\/p>\n\n\n\n<p>Le <strong>bouleau <\/strong>va drainer l\u2019organisme en profondeur. Il \u00e9claircit le terrain et permet une am\u00e9lioration significative des sympt\u00f4mes li\u00e9s \u00e0 l\u2019acidit\u00e9 de l\u2019organisme. Il favorise l\u2019\u00e9limination r\u00e9nale et h\u00e9patique. <\/p>\n\n\n\n<p>Le <strong>cristal de roche<\/strong> est connu pour ses effets purificateurs et protecteurs et va maintenir la s\u00e8ve de bouleau dans sa vitalit\u00e9 initiale.<\/p>\n\n\n\n<p>Des complexes de bourgeons, comme <strong>N\u00b012 Retour veineux<\/strong>, <strong>N\u00b005 D\u00e9puratif<\/strong> et <strong>N\u00b004 Cellulite <\/strong>peuvent favoriser l\u2019efficacit\u00e9 de la cure. <\/p>\n\n\n\n<h2 class=\"wp-block-heading\">Les + Equi-Nutri<\/h2>\n\n\n\n<ul class=\"wp-block-list\">\n<li>Formule unique<\/li>\n\n\n\n<li>R\u00e9colte de l\u2019ann\u00e9e<\/li>\n\n\n\n<li>Fra\u00eeche et Bio<\/li>\n\n\n\n<li>Non congel\u00e9e, ni pasteuris\u00e9e<\/li>\n\n\n\n<li>Stabilis\u00e9e \u00e0 l\u2019alcool de bl\u00e9 <strong>Bio <\/strong>(14%)<\/li>\n\n\n\n<li>Sans glyc\u00e9rine v\u00e9g\u00e9tale<\/li>\n\n\n\n<li>Renforc\u00e9e aux bourgeons de Cassis* et Bouleau*<\/li>\n\n\n\n<li>Dynamis\u00e9e au cristal de roche<\/li>\n<\/ul>\n\n\n\n<figure class=\"wp-block-image\"><img loading=\"lazy\" decoding=\"async\" width=\"340\" height=\"253\" src=\"https:\/\/www.equi-nutri.be\/wp-content\/uploads\/2019\/02\/image-1.png\" alt=\"\" class=\"wp-image-5786\" srcset=\"http:\/\/eq.promisys-web.be\/wp-content\/uploads\/2019\/02\/image-1.png 340w, http:\/\/eq.promisys-web.be\/wp-content\/uploads\/2019\/02\/image-1-300x223.png 300w\" sizes=\"auto, (max-width: 340px) 100vw, 340px\" \/><\/figure>\n<\/div>\n<\/div>\n","protected":false},"excerpt":{"rendered":"<p>Le nom s\u00e8ve d\u00e9signe le liquide qui circule dans les diff\u00e9rentes parties des v\u00e9g\u00e9taux. La s\u00e8ve dite \u00ab brute \u00bb est celle qui monte des racines vers les feuilles et celle dite \u00ab \u00e9labor\u00e9e \u00bb est produite dans les feuilles \u00e0 partir de la photosynth\u00e8se. La s\u00e8ve de bouleau utilis\u00e9e pour la cure est la [&hellip;]<\/p>\n","protected":false},"author":1,"featured_media":4699,"parent":9687,"menu_order":57,"comment_status":"closed","ping_status":"closed","template":"","meta":{"_acf_changed":false,"footnotes":""},"class_list":["post-4094","page","type-page","status-publish","has-post-thumbnail","hentry"],"acf":[],"yoast_head":"<!-- This site is optimized with the Yoast SEO plugin v27.4 - https:\/\/yoast.com\/product\/yoast-seo-wordpress\/ -->\n<title>S\u00e8ve de bouleau - Laboratoire Equi-Nutri<\/title>\n<meta name=\"robots\" content=\"noindex, follow, max-snippet:-1, max-image-preview:large, max-video-preview:-1\" \/>\n<meta property=\"og:locale\" content=\"fr_FR\" \/>\n<meta property=\"og:type\" content=\"article\" \/>\n<meta property=\"og:title\" content=\"S\u00e8ve de bouleau - Laboratoire Equi-Nutri\" \/>\n<meta property=\"og:description\" content=\"Le nom s\u00e8ve d\u00e9signe le liquide qui circule dans les diff\u00e9rentes parties des v\u00e9g\u00e9taux. La s\u00e8ve dite \u00ab brute \u00bb est celle qui monte des racines vers les feuilles et celle dite \u00ab \u00e9labor\u00e9e \u00bb est produite dans les feuilles \u00e0 partir de la photosynth\u00e8se. La s\u00e8ve de bouleau utilis\u00e9e pour la cure est la [&hellip;]\" \/>\n<meta property=\"og:url\" content=\"http:\/\/eq.promisys-web.be\/fr\/a-propos\/nos-gamme-de-produits\/seve-de-bouleau\/\" \/>\n<meta property=\"og:site_name\" content=\"Laboratoire Equi-Nutri\" \/>\n<meta property=\"article:modified_time\" content=\"2023-05-08T11:23:40+00:00\" \/>\n<meta property=\"og:image\" content=\"http:\/\/eq.promisys-web.be\/wp-content\/uploads\/2018\/09\/bouleau.jpg\" \/>\n\t<meta property=\"og:image:width\" content=\"600\" \/>\n\t<meta property=\"og:image:height\" content=\"397\" \/>\n\t<meta property=\"og:image:type\" content=\"image\/jpeg\" \/>\n<meta name=\"twitter:card\" content=\"summary_large_image\" \/>\n<meta name=\"twitter:label1\" content=\"Dur\u00e9e de lecture estim\u00e9e\" \/>\n\t<meta name=\"twitter:data1\" content=\"6 minutes\" \/>\n<script type=\"application\/ld+json\" class=\"yoast-schema-graph\">{\"@context\":\"https:\\\/\\\/schema.org\",\"@graph\":[{\"@type\":\"WebPage\",\"@id\":\"http:\\\/\\\/eq.promisys-web.be\\\/fr\\\/a-propos\\\/nos-gamme-de-produits\\\/seve-de-bouleau\\\/\",\"url\":\"http:\\\/\\\/eq.promisys-web.be\\\/fr\\\/a-propos\\\/nos-gamme-de-produits\\\/seve-de-bouleau\\\/\",\"name\":\"S\u00e8ve de bouleau - Laboratoire Equi-Nutri\",\"isPartOf\":{\"@id\":\"http:\\\/\\\/eq.promisys-web.be\\\/fr\\\/#website\"},\"primaryImageOfPage\":{\"@id\":\"http:\\\/\\\/eq.promisys-web.be\\\/fr\\\/a-propos\\\/nos-gamme-de-produits\\\/seve-de-bouleau\\\/#primaryimage\"},\"image\":{\"@id\":\"http:\\\/\\\/eq.promisys-web.be\\\/fr\\\/a-propos\\\/nos-gamme-de-produits\\\/seve-de-bouleau\\\/#primaryimage\"},\"thumbnailUrl\":\"http:\\\/\\\/eq.promisys-web.be\\\/wp-content\\\/uploads\\\/2018\\\/09\\\/bouleau.jpg\",\"datePublished\":\"2018-05-17T12:09:03+00:00\",\"dateModified\":\"2023-05-08T11:23:40+00:00\",\"breadcrumb\":{\"@id\":\"http:\\\/\\\/eq.promisys-web.be\\\/fr\\\/a-propos\\\/nos-gamme-de-produits\\\/seve-de-bouleau\\\/#breadcrumb\"},\"inLanguage\":\"fr-FR\",\"potentialAction\":[{\"@type\":\"ReadAction\",\"target\":[\"http:\\\/\\\/eq.promisys-web.be\\\/fr\\\/a-propos\\\/nos-gamme-de-produits\\\/seve-de-bouleau\\\/\"]}]},{\"@type\":\"ImageObject\",\"inLanguage\":\"fr-FR\",\"@id\":\"http:\\\/\\\/eq.promisys-web.be\\\/fr\\\/a-propos\\\/nos-gamme-de-produits\\\/seve-de-bouleau\\\/#primaryimage\",\"url\":\"http:\\\/\\\/eq.promisys-web.be\\\/wp-content\\\/uploads\\\/2018\\\/09\\\/bouleau.jpg\",\"contentUrl\":\"http:\\\/\\\/eq.promisys-web.be\\\/wp-content\\\/uploads\\\/2018\\\/09\\\/bouleau.jpg\",\"width\":600,\"height\":397,\"caption\":\"fresh leafs and grass\"},{\"@type\":\"BreadcrumbList\",\"@id\":\"http:\\\/\\\/eq.promisys-web.be\\\/fr\\\/a-propos\\\/nos-gamme-de-produits\\\/seve-de-bouleau\\\/#breadcrumb\",\"itemListElement\":[{\"@type\":\"ListItem\",\"position\":1,\"name\":\"Accueil\",\"item\":\"http:\\\/\\\/eq.promisys-web.be\\\/fr\\\/\"},{\"@type\":\"ListItem\",\"position\":2,\"name\":\"Qui sommes-nous ?\",\"item\":\"http:\\\/\\\/eq.promisys-web.be\\\/fr\\\/a-propos\\\/\"},{\"@type\":\"ListItem\",\"position\":3,\"name\":\"Nos gamme de produits\",\"item\":\"http:\\\/\\\/eq.promisys-web.be\\\/fr\\\/a-propos\\\/nos-gamme-de-produits\\\/\"},{\"@type\":\"ListItem\",\"position\":4,\"name\":\"S\u00e8ve de bouleau\"}]},{\"@type\":\"WebSite\",\"@id\":\"http:\\\/\\\/eq.promisys-web.be\\\/fr\\\/#website\",\"url\":\"http:\\\/\\\/eq.promisys-web.be\\\/fr\\\/\",\"name\":\"Laboratoire Equi-Nutri\",\"description\":\"Laboratoire\",\"potentialAction\":[{\"@type\":\"SearchAction\",\"target\":{\"@type\":\"EntryPoint\",\"urlTemplate\":\"http:\\\/\\\/eq.promisys-web.be\\\/fr\\\/?s={search_term_string}\"},\"query-input\":{\"@type\":\"PropertyValueSpecification\",\"valueRequired\":true,\"valueName\":\"search_term_string\"}}],\"inLanguage\":\"fr-FR\"}]}<\/script>\n<!-- \/ Yoast SEO plugin. -->","yoast_head_json":{"title":"S\u00e8ve de bouleau - Laboratoire Equi-Nutri","robots":{"index":"noindex","follow":"follow","max-snippet":"max-snippet:-1","max-image-preview":"max-image-preview:large","max-video-preview":"max-video-preview:-1"},"og_locale":"fr_FR","og_type":"article","og_title":"S\u00e8ve de bouleau - Laboratoire Equi-Nutri","og_description":"Le nom s\u00e8ve d\u00e9signe le liquide qui circule dans les diff\u00e9rentes parties des v\u00e9g\u00e9taux. La s\u00e8ve dite \u00ab brute \u00bb est celle qui monte des racines vers les feuilles et celle dite \u00ab \u00e9labor\u00e9e \u00bb est produite dans les feuilles \u00e0 partir de la photosynth\u00e8se. La s\u00e8ve de bouleau utilis\u00e9e pour la cure est la [&hellip;]","og_url":"http:\/\/eq.promisys-web.be\/fr\/a-propos\/nos-gamme-de-produits\/seve-de-bouleau\/","og_site_name":"Laboratoire Equi-Nutri","article_modified_time":"2023-05-08T11:23:40+00:00","og_image":[{"width":600,"height":397,"url":"http:\/\/eq.promisys-web.be\/wp-content\/uploads\/2018\/09\/bouleau.jpg","type":"image\/jpeg"}],"twitter_card":"summary_large_image","twitter_misc":{"Dur\u00e9e de lecture estim\u00e9e":"6 minutes"},"schema":{"@context":"https:\/\/schema.org","@graph":[{"@type":"WebPage","@id":"http:\/\/eq.promisys-web.be\/fr\/a-propos\/nos-gamme-de-produits\/seve-de-bouleau\/","url":"http:\/\/eq.promisys-web.be\/fr\/a-propos\/nos-gamme-de-produits\/seve-de-bouleau\/","name":"S\u00e8ve de bouleau - Laboratoire Equi-Nutri","isPartOf":{"@id":"http:\/\/eq.promisys-web.be\/fr\/#website"},"primaryImageOfPage":{"@id":"http:\/\/eq.promisys-web.be\/fr\/a-propos\/nos-gamme-de-produits\/seve-de-bouleau\/#primaryimage"},"image":{"@id":"http:\/\/eq.promisys-web.be\/fr\/a-propos\/nos-gamme-de-produits\/seve-de-bouleau\/#primaryimage"},"thumbnailUrl":"http:\/\/eq.promisys-web.be\/wp-content\/uploads\/2018\/09\/bouleau.jpg","datePublished":"2018-05-17T12:09:03+00:00","dateModified":"2023-05-08T11:23:40+00:00","breadcrumb":{"@id":"http:\/\/eq.promisys-web.be\/fr\/a-propos\/nos-gamme-de-produits\/seve-de-bouleau\/#breadcrumb"},"inLanguage":"fr-FR","potentialAction":[{"@type":"ReadAction","target":["http:\/\/eq.promisys-web.be\/fr\/a-propos\/nos-gamme-de-produits\/seve-de-bouleau\/"]}]},{"@type":"ImageObject","inLanguage":"fr-FR","@id":"http:\/\/eq.promisys-web.be\/fr\/a-propos\/nos-gamme-de-produits\/seve-de-bouleau\/#primaryimage","url":"http:\/\/eq.promisys-web.be\/wp-content\/uploads\/2018\/09\/bouleau.jpg","contentUrl":"http:\/\/eq.promisys-web.be\/wp-content\/uploads\/2018\/09\/bouleau.jpg","width":600,"height":397,"caption":"fresh leafs and grass"},{"@type":"BreadcrumbList","@id":"http:\/\/eq.promisys-web.be\/fr\/a-propos\/nos-gamme-de-produits\/seve-de-bouleau\/#breadcrumb","itemListElement":[{"@type":"ListItem","position":1,"name":"Accueil","item":"http:\/\/eq.promisys-web.be\/fr\/"},{"@type":"ListItem","position":2,"name":"Qui sommes-nous ?","item":"http:\/\/eq.promisys-web.be\/fr\/a-propos\/"},{"@type":"ListItem","position":3,"name":"Nos gamme de produits","item":"http:\/\/eq.promisys-web.be\/fr\/a-propos\/nos-gamme-de-produits\/"},{"@type":"ListItem","position":4,"name":"S\u00e8ve de bouleau"}]},{"@type":"WebSite","@id":"http:\/\/eq.promisys-web.be\/fr\/#website","url":"http:\/\/eq.promisys-web.be\/fr\/","name":"Laboratoire Equi-Nutri","description":"Laboratoire","potentialAction":[{"@type":"SearchAction","target":{"@type":"EntryPoint","urlTemplate":"http:\/\/eq.promisys-web.be\/fr\/?s={search_term_string}"},"query-input":{"@type":"PropertyValueSpecification","valueRequired":true,"valueName":"search_term_string"}}],"inLanguage":"fr-FR"}]}},"_links":{"self":[{"href":"http:\/\/eq.promisys-web.be\/fr\/wp-json\/wp\/v2\/pages\/4094","targetHints":{"allow":["GET"]}}],"collection":[{"href":"http:\/\/eq.promisys-web.be\/fr\/wp-json\/wp\/v2\/pages"}],"about":[{"href":"http:\/\/eq.promisys-web.be\/fr\/wp-json\/wp\/v2\/types\/page"}],"author":[{"embeddable":true,"href":"http:\/\/eq.promisys-web.be\/fr\/wp-json\/wp\/v2\/users\/1"}],"replies":[{"embeddable":true,"href":"http:\/\/eq.promisys-web.be\/fr\/wp-json\/wp\/v2\/comments?post=4094"}],"version-history":[{"count":8,"href":"http:\/\/eq.promisys-web.be\/fr\/wp-json\/wp\/v2\/pages\/4094\/revisions"}],"predecessor-version":[{"id":9515,"href":"http:\/\/eq.promisys-web.be\/fr\/wp-json\/wp\/v2\/pages\/4094\/revisions\/9515"}],"up":[{"embeddable":true,"href":"http:\/\/eq.promisys-web.be\/fr\/wp-json\/wp\/v2\/pages\/9687"}],"wp:featuredmedia":[{"embeddable":true,"href":"http:\/\/eq.promisys-web.be\/fr\/wp-json\/wp\/v2\/media\/4699"}],"wp:attachment":[{"href":"http:\/\/eq.promisys-web.be\/fr\/wp-json\/wp\/v2\/media?parent=4094"}],"curies":[{"name":"wp","href":"https:\/\/api.w.org\/{rel}","templated":true}]}}