{"id":4088,"date":"2018-05-17T13:08:12","date_gmt":"2018-05-17T12:08:12","guid":{"rendered":"https:\/\/dev.equi-nutri.be\/?page_id=4088"},"modified":"2023-05-08T12:23:28","modified_gmt":"2023-05-08T11:23:28","slug":"nutritherapie","status":"publish","type":"page","link":"http:\/\/eq.promisys-web.be\/fr\/a-propos\/nos-gamme-de-produits\/nutritherapie\/","title":{"rendered":"Nutrith\u00e9rapie"},"content":{"rendered":"\n<div class=\"wp-block-columns has-2-columns is-layout-flex wp-container-core-columns-is-layout-9d6595d7 wp-block-columns-is-layout-flex\">\n<div class=\"wp-block-column is-layout-flow wp-block-column-is-layout-flow\">\n<h2 class=\"wp-block-heading\">Linus Pauling<\/h2>\n\n\n\n<p>Le terme \u00ab orthomol\u00e9culaire \u00bb, cr\u00e9\u00e9 en 1968 par <strong>Linus Pauling<\/strong>, signifie \u00ab mol\u00e9cule correcte \u00bb au sens \u00ab qui n&rsquo;est pas \u00e9trang\u00e8re au corps humain, qui est biologiquement correcte \u00bb. Les autres mol\u00e9cules (les principes actifs de la plupart des m\u00e9dicaments) \u00e9tant vus comme biologiquement incorrects, leur ressemblance chimique \u00e0 des substances l\u00e9gitimes leur permet d&rsquo;interagir avec les mol\u00e9cules du corps, mais comme elles ne sont pas identiques aux mol\u00e9cules qu&rsquo;elles imitent, elles provoquent des dysfonctionnements (les effets secondaires)<\/p>\n\n\n\n<p><em>Linus Pauling,<br>Prix Nobel de chimie,<br>inventeur du terme orthomol\u00e9culaire<\/em><\/p>\n\n\n\n<h2 class=\"wp-block-heading\">Le transporteur physiologique<\/h2>\n\n\n\n<p>C&rsquo;est la nature du transporteur qui dicte \u00e0 la mol\u00e9cule le lieu privil\u00e9gi\u00e9 de lib\u00e9ration du min\u00e9ral.<\/p>\n\n\n\n<h3 class=\"wp-block-heading\">Pidolate<\/h3>\n\n\n\n<p>L&rsquo;acide pidolique ou Pidolate est un acide amin\u00e9 naturel que l&rsquo;on trouve dans les v\u00e9g\u00e9taux et dans l\u2019organisme humain. Il est naturellement pr\u00e9sent dans tous nos organes et \u00e0 ce titre parfaitement int\u00e9gr\u00e9 dans notre m\u00e9tabolisme. Il participe \u00e0 notre m\u00e9tabolisme, ce qui favorise son assimilation et la rapidit\u00e9 de sa performance, en tant qu\u2019apport de min\u00e9raux.<\/p>\n\n\n\n<p>a) <strong>L&rsquo;ionisation<\/strong> :<br>L&rsquo;ionisation des min\u00e9raux (le min\u00e9ral re\u00e7oit une charge positive, favorisant ainsi sa p\u00e9n\u00e9tration cellulaire) est pr\u00e9pond\u00e9rante pour une bonne absorption digestive. Le milieu acide de l&rsquo;estomac favorise la dissociation de l&rsquo;acide pidolique.<\/p>\n\n\n\n<p>Cette dissociation, d\u00e8s le s\u00e9jour dans l&rsquo;estomac, permet l&rsquo;ionisation des min\u00e9raux \u00e0 90 %. Gr\u00e2ce \u00e0 cette r\u00e9action quasi compl\u00e8te, les ions charg\u00e9s positivement (cations) et l&rsquo;acide pidolique vont donc pouvoir p\u00e9n\u00e9trer les cellules \u00e9pith\u00e9liales de l&rsquo;intestin gr\u00eale d\u00e8s sa premi\u00e8re partie.<\/p>\n\n\n\n<p>b) <strong>La p\u00e9n\u00e9tration cellulaire de l&rsquo;acide pidolique<\/strong> :<br>Le duod\u00e9num est la partie du gr\u00eale qui offre le plus de r\u00e9cepteurs de p\u00e9n\u00e9tration des nutriments dans le milieu cellulaire. Au d\u00e9part du gr\u00eale, ils s\u2019int\u00e8grent dans la circulation sanguine et se diffusent dans l\u2019organisme.<\/p>\n\n\n\n<p>Gr\u00e2ce \u00e0 la dissociation d\u00e8s le duod\u00e9num, l\u2019assimilation est quasi compl\u00e8te et ne laisse pas de d\u00e9chets dans l\u2019organisme, \u00e9vitant ainsi une fatigue pour les reins.<\/p>\n\n\n\n<p>Outre son entr\u00e9e facilit\u00e9e dans la cellule, le pidolate ne s&rsquo;arr\u00eate pas l\u00e0. En effet, il a la capacit\u00e9 tout \u00e0 fait particuli\u00e8re de traverser \u00e9galement la double couche de la membrane des mitochondries. C&rsquo;est au c\u0153ur de ces g\u00e9n\u00e9ratrices d&rsquo;\u00e9nergie des cellules, qu&rsquo;il participe au cycle de Krebs.<\/p>\n\n\n\n<h3 class=\"wp-block-heading\">Les avantages des pidolates<\/h3>\n\n\n\n<ul class=\"wp-block-list\">\n<li>D&rsquo;origine 100% v\u00e9g\u00e9tale (betteraves)<\/li>\n\n\n\n<li>OGM free<\/li>\n\n\n\n<li>Existent sous forme naturelle dans notre organisme<\/li>\n\n\n\n<li>S&rsquo;int\u00e8grent facilement dans la digestion<\/li>\n\n\n\n<li>S&rsquo;int\u00e8grent facilement dans la circulation sanguine au d\u00e9part du gr\u00eale<\/li>\n\n\n\n<li>S&rsquo;int\u00e8grent dans le m\u00e9tabolisme \u00e9nerg\u00e9tique de la cellule<\/li>\n\n\n\n<li>Performants par leur rapidit\u00e9 d&rsquo;action ils comblent rapidement les carences min\u00e9rales.<\/li>\n\n\n\n<li>Ne laissent pas de d\u00e9chets dans le milieu intracellulaire<\/li>\n\n\n\n<li>Innocuit\u00e9, stables et atoxiques et conviennent aux enfants et aux femmes enceintes<\/li>\n\n\n\n<li>Biodisponibilit\u00e9 optimale<\/li>\n\n\n\n<li>R\u00e9sistent au passage de l&rsquo;estomac<\/li>\n\n\n\n<li>N&rsquo;entrent pas en concurrence avec d&rsquo;autres sels<\/li>\n\n\n\n<li>100% compatibles avec les r\u00e9gimes v\u00e9g\u00e9tariens.<\/li>\n<\/ul>\n\n\n\n<h2 class=\"wp-block-heading\">L\u2019excipient, le plus qui nous diff\u00e9rencie<\/h2>\n\n\n\n<h3 class=\"wp-block-heading\">Le Lithothamne<\/h3>\n\n\n\n<p>Le Lithothamne, algue marine europ\u00e9enne, contient des taux particuli\u00e8rement \u00e9lev\u00e9s de calcium, de sodium, d\u2019iode, de soufre, de fer, de magn\u00e9sium de bore, de cuivre, de cobalt, de nickel, de s\u00e9l\u00e9nium, de zinc, d\u2019argent.<\/p>\n\n\n\n<p>C\u2019est un compl\u00e9ment alimentaire tr\u00e8s efficace qui, combin\u00e9 \u00e0 des substances min\u00e9rales ou des vitamines, apporte un plus ind\u00e9niable.<br>C\u2019est pour cette raison qu\u2019une grande majorit\u00e9 des formules d\u2019Equi-Nutri sont \u00e9labor\u00e9es avec du Lithothame.<br>En effet, son PH est particuli\u00e8rement alcalin ce qui lui permet de compenser l\u2019acidit\u00e9 de l\u2019organisme. Notre alimentation (sucre, graisses, caf\u00e9, etc.) est une source d\u2019acidit\u00e9 qui est \u00e0 l\u2019origine de nombreux troubles.<br>La capacit\u00e9 du Lithothamne d\u2019\u00e9liminer l\u2019acidification tissulaire r\u00e9pond aux besoins de toute la population et aux \u00e9tats inflammatoires qui l\u2019accompagnent (arthrose, cancer, colites ou encore les maladies li\u00e9es au stress).<\/p>\n\n\n\n<p><\/p>\n<\/div>\n\n\n\n<div class=\"wp-block-column is-layout-flow wp-block-column-is-layout-flow\">\n<h2 class=\"wp-block-heading\">Les + Equi-Nutri<\/h2>\n\n\n\n<ul class=\"wp-block-list\">\n<li>Nutriments hautement dos\u00e9s en principes actifs d\u2019origine naturelle et stables<\/li>\n\n\n\n<li>Gamme conforme aux normes   Europ\u00e9ennes (NUT\/PL)<\/li>\n\n\n\n<li>Formules innovantes et uniques<\/li>\n\n\n\n<li>Gamme de min\u00e9raux sous forme de pidolates<\/li>\n\n\n\n<li>Produits sans\n<ul class=\"wp-block-list\">\n<li>OGM<\/li>\n\n\n\n<li>Gluten<\/li>\n\n\n\n<li>Nanoparticule<\/li>\n\n\n\n<li>Dioxyde de titane<\/li>\n\n\n\n<li>Dioxyde de Silicium<\/li>\n\n\n\n<li>Stearate de Mag\u00e9nsium<\/li>\n<\/ul>\n<\/li>\n\n\n\n<li>G\u00e9lules v\u00e9g\u00e9tales<\/li>\n\n\n\n<li>Conditionnent dans des pots fonc\u00e9s (anti UV) et opercul\u00e9s<\/li>\n<\/ul>\n\n\n\n<h2 class=\"wp-block-heading\">Les +++ produit : Le <strong>Lithothame<\/strong> comme seul excipient<\/h2>\n\n\n\n<p>Un excipient est une substance \u00ab\u00a0neutre\u00a0\u00bb qui rentre dans la composition d&rsquo;un compl\u00e9ment alimentaire ou d&rsquo;un m\u00e9dicament utilis\u00e9 pour sa fabrication.<br>Il a pour r\u00f4le d&rsquo;am\u00e9liorer l&rsquo;aspect, d&rsquo;assurer la conservation et de faciliter l&rsquo;administration et l&rsquo;absorption des principes actifs.<br>Les excipients connus sont le dioxyde de titane, de silicium, le st\u00e9arate de magn\u00e9sium qui sont consid\u00e9r\u00e9s comme largement controvers\u00e9s aujourd&rsquo;hui par les autorit\u00e9s europ\u00e9ennes.<\/p>\n\n\n\n<p><strong>Equi-Nutri<\/strong> a choisi d\u2019utiliser le lithothamne comme excipient pour diverses raisons :<\/p>\n\n\n\n<ul class=\"wp-block-list\">\n<li>Ses bienfaits alcalinisant et remin\u00e9ralisant<\/li>\n\n\n\n<li>Il favorise la biodisponibilit\u00e9 de nos principes actifs<\/li>\n\n\n\n<li>Il n\u2019encrasse pas notre organisme (contrairement au st\u00e9arate de mg, par exemple, qui surcharge notre foie, contribue \u00e0 une pr\u00e9cipitation r\u00e9nale et, sur du long terme, obstrue le passage des nutriments au niveau de la paroi intestinale)<\/li>\n\n\n\n<li>Il est micronis\u00e9 pour augmenter sa biodisponibilit\u00e9<\/li>\n<\/ul>\n\n\n<div class=\"wp-block-image\">\n<figure class=\"aligncenter\"><img loading=\"lazy\" decoding=\"async\" width=\"200\" height=\"200\" src=\"https:\/\/www.equi-nutri.be\/wp-content\/uploads\/2019\/02\/lithothame.png\" alt=\"\" class=\"wp-image-5794\" srcset=\"http:\/\/eq.promisys-web.be\/wp-content\/uploads\/2019\/02\/lithothame.png 200w, http:\/\/eq.promisys-web.be\/wp-content\/uploads\/2019\/02\/lithothame-120x120.png 120w\" sizes=\"auto, (max-width: 200px) 100vw, 200px\" \/><\/figure><\/div><\/div>\n<\/div>\n","protected":false},"excerpt":{"rendered":"<p>Linus Pauling Le terme \u00ab orthomol\u00e9culaire \u00bb, cr\u00e9\u00e9 en 1968 par Linus Pauling, signifie \u00ab mol\u00e9cule correcte \u00bb au sens \u00ab qui n&rsquo;est pas \u00e9trang\u00e8re au corps humain, qui est biologiquement correcte \u00bb. Les autres mol\u00e9cules (les principes actifs de la plupart des m\u00e9dicaments) \u00e9tant vus comme biologiquement incorrects, leur ressemblance chimique \u00e0 des substances [&hellip;]<\/p>\n","protected":false},"author":1,"featured_media":6645,"parent":9687,"menu_order":53,"comment_status":"closed","ping_status":"closed","template":"","meta":{"_acf_changed":false,"footnotes":""},"class_list":["post-4088","page","type-page","status-publish","has-post-thumbnail","hentry"],"acf":[],"yoast_head":"<!-- This site is optimized with the Yoast SEO plugin v27.4 - https:\/\/yoast.com\/product\/yoast-seo-wordpress\/ -->\n<title>Nutrith\u00e9rapie - Laboratoire Equi-Nutri<\/title>\n<meta name=\"robots\" content=\"noindex, follow, max-snippet:-1, max-image-preview:large, max-video-preview:-1\" \/>\n<meta property=\"og:locale\" content=\"fr_FR\" \/>\n<meta property=\"og:type\" content=\"article\" \/>\n<meta property=\"og:title\" content=\"Nutrith\u00e9rapie - Laboratoire Equi-Nutri\" \/>\n<meta property=\"og:description\" content=\"Linus Pauling Le terme \u00ab orthomol\u00e9culaire \u00bb, cr\u00e9\u00e9 en 1968 par Linus Pauling, signifie \u00ab mol\u00e9cule correcte \u00bb au sens \u00ab qui n&rsquo;est pas \u00e9trang\u00e8re au corps humain, qui est biologiquement correcte \u00bb. Les autres mol\u00e9cules (les principes actifs de la plupart des m\u00e9dicaments) \u00e9tant vus comme biologiquement incorrects, leur ressemblance chimique \u00e0 des substances [&hellip;]\" \/>\n<meta property=\"og:url\" content=\"http:\/\/eq.promisys-web.be\/fr\/a-propos\/nos-gamme-de-produits\/nutritherapie\/\" \/>\n<meta property=\"og:site_name\" content=\"Laboratoire Equi-Nutri\" \/>\n<meta property=\"article:modified_time\" content=\"2023-05-08T11:23:28+00:00\" \/>\n<meta property=\"og:image\" content=\"http:\/\/eq.promisys-web.be\/wp-content\/uploads\/2021\/10\/nutritherapie.jpg\" \/>\n\t<meta property=\"og:image:width\" content=\"625\" \/>\n\t<meta property=\"og:image:height\" content=\"624\" \/>\n\t<meta property=\"og:image:type\" content=\"image\/jpeg\" \/>\n<meta name=\"twitter:card\" content=\"summary_large_image\" \/>\n<meta name=\"twitter:label1\" content=\"Dur\u00e9e de lecture estim\u00e9e\" \/>\n\t<meta name=\"twitter:data1\" content=\"5 minutes\" \/>\n<script type=\"application\/ld+json\" class=\"yoast-schema-graph\">{\"@context\":\"https:\\\/\\\/schema.org\",\"@graph\":[{\"@type\":\"WebPage\",\"@id\":\"http:\\\/\\\/eq.promisys-web.be\\\/fr\\\/a-propos\\\/nos-gamme-de-produits\\\/nutritherapie\\\/\",\"url\":\"http:\\\/\\\/eq.promisys-web.be\\\/fr\\\/a-propos\\\/nos-gamme-de-produits\\\/nutritherapie\\\/\",\"name\":\"Nutrith\u00e9rapie - Laboratoire Equi-Nutri\",\"isPartOf\":{\"@id\":\"http:\\\/\\\/eq.promisys-web.be\\\/fr\\\/#website\"},\"primaryImageOfPage\":{\"@id\":\"http:\\\/\\\/eq.promisys-web.be\\\/fr\\\/a-propos\\\/nos-gamme-de-produits\\\/nutritherapie\\\/#primaryimage\"},\"image\":{\"@id\":\"http:\\\/\\\/eq.promisys-web.be\\\/fr\\\/a-propos\\\/nos-gamme-de-produits\\\/nutritherapie\\\/#primaryimage\"},\"thumbnailUrl\":\"http:\\\/\\\/eq.promisys-web.be\\\/wp-content\\\/uploads\\\/2021\\\/10\\\/nutritherapie.jpg\",\"datePublished\":\"2018-05-17T12:08:12+00:00\",\"dateModified\":\"2023-05-08T11:23:28+00:00\",\"breadcrumb\":{\"@id\":\"http:\\\/\\\/eq.promisys-web.be\\\/fr\\\/a-propos\\\/nos-gamme-de-produits\\\/nutritherapie\\\/#breadcrumb\"},\"inLanguage\":\"fr-FR\",\"potentialAction\":[{\"@type\":\"ReadAction\",\"target\":[\"http:\\\/\\\/eq.promisys-web.be\\\/fr\\\/a-propos\\\/nos-gamme-de-produits\\\/nutritherapie\\\/\"]}]},{\"@type\":\"ImageObject\",\"inLanguage\":\"fr-FR\",\"@id\":\"http:\\\/\\\/eq.promisys-web.be\\\/fr\\\/a-propos\\\/nos-gamme-de-produits\\\/nutritherapie\\\/#primaryimage\",\"url\":\"http:\\\/\\\/eq.promisys-web.be\\\/wp-content\\\/uploads\\\/2021\\\/10\\\/nutritherapie.jpg\",\"contentUrl\":\"http:\\\/\\\/eq.promisys-web.be\\\/wp-content\\\/uploads\\\/2021\\\/10\\\/nutritherapie.jpg\",\"width\":625,\"height\":624},{\"@type\":\"BreadcrumbList\",\"@id\":\"http:\\\/\\\/eq.promisys-web.be\\\/fr\\\/a-propos\\\/nos-gamme-de-produits\\\/nutritherapie\\\/#breadcrumb\",\"itemListElement\":[{\"@type\":\"ListItem\",\"position\":1,\"name\":\"Accueil\",\"item\":\"http:\\\/\\\/eq.promisys-web.be\\\/fr\\\/\"},{\"@type\":\"ListItem\",\"position\":2,\"name\":\"Qui sommes-nous ?\",\"item\":\"http:\\\/\\\/eq.promisys-web.be\\\/fr\\\/a-propos\\\/\"},{\"@type\":\"ListItem\",\"position\":3,\"name\":\"Nos gamme de produits\",\"item\":\"http:\\\/\\\/eq.promisys-web.be\\\/fr\\\/a-propos\\\/nos-gamme-de-produits\\\/\"},{\"@type\":\"ListItem\",\"position\":4,\"name\":\"Nutrith\u00e9rapie\"}]},{\"@type\":\"WebSite\",\"@id\":\"http:\\\/\\\/eq.promisys-web.be\\\/fr\\\/#website\",\"url\":\"http:\\\/\\\/eq.promisys-web.be\\\/fr\\\/\",\"name\":\"Laboratoire Equi-Nutri\",\"description\":\"Laboratoire\",\"potentialAction\":[{\"@type\":\"SearchAction\",\"target\":{\"@type\":\"EntryPoint\",\"urlTemplate\":\"http:\\\/\\\/eq.promisys-web.be\\\/fr\\\/?s={search_term_string}\"},\"query-input\":{\"@type\":\"PropertyValueSpecification\",\"valueRequired\":true,\"valueName\":\"search_term_string\"}}],\"inLanguage\":\"fr-FR\"}]}<\/script>\n<!-- \/ Yoast SEO plugin. -->","yoast_head_json":{"title":"Nutrith\u00e9rapie - Laboratoire Equi-Nutri","robots":{"index":"noindex","follow":"follow","max-snippet":"max-snippet:-1","max-image-preview":"max-image-preview:large","max-video-preview":"max-video-preview:-1"},"og_locale":"fr_FR","og_type":"article","og_title":"Nutrith\u00e9rapie - Laboratoire Equi-Nutri","og_description":"Linus Pauling Le terme \u00ab orthomol\u00e9culaire \u00bb, cr\u00e9\u00e9 en 1968 par Linus Pauling, signifie \u00ab mol\u00e9cule correcte \u00bb au sens \u00ab qui n&rsquo;est pas \u00e9trang\u00e8re au corps humain, qui est biologiquement correcte \u00bb. Les autres mol\u00e9cules (les principes actifs de la plupart des m\u00e9dicaments) \u00e9tant vus comme biologiquement incorrects, leur ressemblance chimique \u00e0 des substances [&hellip;]","og_url":"http:\/\/eq.promisys-web.be\/fr\/a-propos\/nos-gamme-de-produits\/nutritherapie\/","og_site_name":"Laboratoire Equi-Nutri","article_modified_time":"2023-05-08T11:23:28+00:00","og_image":[{"width":625,"height":624,"url":"http:\/\/eq.promisys-web.be\/wp-content\/uploads\/2021\/10\/nutritherapie.jpg","type":"image\/jpeg"}],"twitter_card":"summary_large_image","twitter_misc":{"Dur\u00e9e de lecture estim\u00e9e":"5 minutes"},"schema":{"@context":"https:\/\/schema.org","@graph":[{"@type":"WebPage","@id":"http:\/\/eq.promisys-web.be\/fr\/a-propos\/nos-gamme-de-produits\/nutritherapie\/","url":"http:\/\/eq.promisys-web.be\/fr\/a-propos\/nos-gamme-de-produits\/nutritherapie\/","name":"Nutrith\u00e9rapie - Laboratoire Equi-Nutri","isPartOf":{"@id":"http:\/\/eq.promisys-web.be\/fr\/#website"},"primaryImageOfPage":{"@id":"http:\/\/eq.promisys-web.be\/fr\/a-propos\/nos-gamme-de-produits\/nutritherapie\/#primaryimage"},"image":{"@id":"http:\/\/eq.promisys-web.be\/fr\/a-propos\/nos-gamme-de-produits\/nutritherapie\/#primaryimage"},"thumbnailUrl":"http:\/\/eq.promisys-web.be\/wp-content\/uploads\/2021\/10\/nutritherapie.jpg","datePublished":"2018-05-17T12:08:12+00:00","dateModified":"2023-05-08T11:23:28+00:00","breadcrumb":{"@id":"http:\/\/eq.promisys-web.be\/fr\/a-propos\/nos-gamme-de-produits\/nutritherapie\/#breadcrumb"},"inLanguage":"fr-FR","potentialAction":[{"@type":"ReadAction","target":["http:\/\/eq.promisys-web.be\/fr\/a-propos\/nos-gamme-de-produits\/nutritherapie\/"]}]},{"@type":"ImageObject","inLanguage":"fr-FR","@id":"http:\/\/eq.promisys-web.be\/fr\/a-propos\/nos-gamme-de-produits\/nutritherapie\/#primaryimage","url":"http:\/\/eq.promisys-web.be\/wp-content\/uploads\/2021\/10\/nutritherapie.jpg","contentUrl":"http:\/\/eq.promisys-web.be\/wp-content\/uploads\/2021\/10\/nutritherapie.jpg","width":625,"height":624},{"@type":"BreadcrumbList","@id":"http:\/\/eq.promisys-web.be\/fr\/a-propos\/nos-gamme-de-produits\/nutritherapie\/#breadcrumb","itemListElement":[{"@type":"ListItem","position":1,"name":"Accueil","item":"http:\/\/eq.promisys-web.be\/fr\/"},{"@type":"ListItem","position":2,"name":"Qui sommes-nous ?","item":"http:\/\/eq.promisys-web.be\/fr\/a-propos\/"},{"@type":"ListItem","position":3,"name":"Nos gamme de produits","item":"http:\/\/eq.promisys-web.be\/fr\/a-propos\/nos-gamme-de-produits\/"},{"@type":"ListItem","position":4,"name":"Nutrith\u00e9rapie"}]},{"@type":"WebSite","@id":"http:\/\/eq.promisys-web.be\/fr\/#website","url":"http:\/\/eq.promisys-web.be\/fr\/","name":"Laboratoire Equi-Nutri","description":"Laboratoire","potentialAction":[{"@type":"SearchAction","target":{"@type":"EntryPoint","urlTemplate":"http:\/\/eq.promisys-web.be\/fr\/?s={search_term_string}"},"query-input":{"@type":"PropertyValueSpecification","valueRequired":true,"valueName":"search_term_string"}}],"inLanguage":"fr-FR"}]}},"_links":{"self":[{"href":"http:\/\/eq.promisys-web.be\/fr\/wp-json\/wp\/v2\/pages\/4088","targetHints":{"allow":["GET"]}}],"collection":[{"href":"http:\/\/eq.promisys-web.be\/fr\/wp-json\/wp\/v2\/pages"}],"about":[{"href":"http:\/\/eq.promisys-web.be\/fr\/wp-json\/wp\/v2\/types\/page"}],"author":[{"embeddable":true,"href":"http:\/\/eq.promisys-web.be\/fr\/wp-json\/wp\/v2\/users\/1"}],"replies":[{"embeddable":true,"href":"http:\/\/eq.promisys-web.be\/fr\/wp-json\/wp\/v2\/comments?post=4088"}],"version-history":[{"count":10,"href":"http:\/\/eq.promisys-web.be\/fr\/wp-json\/wp\/v2\/pages\/4088\/revisions"}],"predecessor-version":[{"id":9511,"href":"http:\/\/eq.promisys-web.be\/fr\/wp-json\/wp\/v2\/pages\/4088\/revisions\/9511"}],"up":[{"embeddable":true,"href":"http:\/\/eq.promisys-web.be\/fr\/wp-json\/wp\/v2\/pages\/9687"}],"wp:featuredmedia":[{"embeddable":true,"href":"http:\/\/eq.promisys-web.be\/fr\/wp-json\/wp\/v2\/media\/6645"}],"wp:attachment":[{"href":"http:\/\/eq.promisys-web.be\/fr\/wp-json\/wp\/v2\/media?parent=4088"}],"curies":[{"name":"wp","href":"https:\/\/api.w.org\/{rel}","templated":true}]}}