{"id":4082,"date":"2018-05-17T13:07:10","date_gmt":"2018-05-17T12:07:10","guid":{"rendered":"https:\/\/dev.equi-nutri.be\/?page_id=4082"},"modified":"2023-05-08T12:23:20","modified_gmt":"2023-05-08T11:23:20","slug":"gemmotherapie","status":"publish","type":"page","link":"http:\/\/eq.promisys-web.be\/fr\/a-propos\/nos-gamme-de-produits\/gemmotherapie\/","title":{"rendered":"Gemmoth\u00e9rapie"},"content":{"rendered":"\n<div class=\"wp-block-columns has-2-columns is-layout-flex wp-container-core-columns-is-layout-9d6595d7 wp-block-columns-is-layout-flex\">\n<div class=\"wp-block-column is-layout-flow wp-block-column-is-layout-flow\">\n<h2 class=\"wp-block-heading\">Histoire<\/h2>\n\n\n\n<h3 class=\"wp-block-heading\">Pol Henry<\/h3>\n\n\n\n<p>Le <strong>Docteur Pol Henry<\/strong> (1918-1988), pose l&rsquo;hypoth\u00e8se que le bourgeon contient toute l&rsquo;\u00e9nergie informative au d\u00e9veloppement des arbres. A partir d\u2019une approche scientifique rigoureuse et de ses observations il d\u00e9veloppera une nouvelle approche bas\u00e9e sur l&rsquo;\u00e9tude des effets d&rsquo;extraits de bourgeons. Il l&rsquo;appellera la <strong>phytembryoth\u00e9rapie<\/strong>.<\/p>\n\n\n\n<p>Son hypoth\u00e8se est bas\u00e9e sur le fait que les tissus embryonnaires des v\u00e9g\u00e9taux ont des propri\u00e9t\u00e9s biochimiques et \u00e9nerg\u00e9tiques puissantes et subtiles. Chaque bourgeon porte en lui l&rsquo;ensemble des informations g\u00e9n\u00e9tiques de la plante. Ce qui le distingue des plantes qu&rsquo;on retrouve en phytoth\u00e9rapie qui utilise les parties de plantes dites \u00ab\u00a0matures\u00a0\u00bb (les feuilles, les tiges ou fleurs par exemple).<\/p>\n\n\n\n<p>Le bourgeon concentre des propri\u00e9t\u00e9s du v\u00e9g\u00e9tal comme les oligo-\u00e9l\u00e9ments, les vitamines, enzymes, phyto-hormones, mais aussi de la s\u00e8ve min\u00e9rale.<\/p>\n\n\n\n<h2 class=\"wp-block-heading\">Pratiquement<\/h2>\n\n\n\n<p>Gemmoth\u00e9rapie vient du terme latin \u00ab gemmae \u00bb qui signifie \u00ab bourgeon \u00bb. C\u2019est une branche de la phytoth\u00e9rapie qui travaille sur la partie embryonnaire du v\u00e9g\u00e9tal.<br>En phytoth\u00e9rapie on utilise les \u00e9l\u00e9ments adultes de la plante alors qu\u2019en Gemmotherapie, on utilisera les bourgeons, jeunes pousses ou radicelles.<\/p>\n\n\n\n<p>La m\u00e9thode traditionnelle du Dr Pol Henry, consiste \u00e0 faire mac\u00e9rer les tissus embryonnaires v\u00e9g\u00e9taux dans 3 solvants qui sont l\u2019alcool, l\u2019eau et la glyc\u00e9rine v\u00e9g\u00e9tale. On obtient ainsi un mac\u00e9rat glyc\u00e9rin\u00e9 concentr\u00e9.<br>Utilis\u00e9s par voie orale, ces compl\u00e9ments alimentaires vont agir en r\u00e9\u00e9quilibrant le terrain.<\/p>\n\n\n\n<p>Avicenne (Ibn S\u00eena), philosophe, m\u00e9decin et scientifique m\u00e9di\u00e9val persan disait : \u00ab\u00a0Le tout est plus grand que la somme des parties\u00a0\u00bb. <\/p>\n\n\n\n<p>Ce principe peut s&rsquo;appliquer avec le bourgeon qui contient le totum de la plante, ce qui lui conf\u00e8re une action plus globale.<\/p>\n<\/div>\n\n\n\n<div class=\"wp-block-column is-layout-flow wp-block-column-is-layout-flow\">\n<h2 class=\"wp-block-heading\">Les + Equi-Nutri<\/h2>\n\n\n\n<ul class=\"wp-block-list\">\n<li>Mac\u00e9rats Glyc\u00e9rin\u00e9s Concentr\u00e9s<\/li>\n\n\n\n<li>25% taux d\u2019alcool<\/li>\n\n\n\n<li>Concentration \u00e9lev\u00e9e de bourgeons (12%)<\/li>\n\n\n\n<li>Certification <strong>Bio <\/strong>: gamme labellis\u00e9e AB par Certysis<\/li>\n\n\n\n<li>M\u00e9thode traditionnelle du Dr Pol Henry<\/li>\n\n\n\n<li>Mac\u00e9ration dans les 3 solvants:\n<ul class=\"wp-block-list\">\n<li>eau filtr\u00e9e<\/li>\n\n\n\n<li>alcool de bl\u00e9 <strong>bio<\/strong><\/li>\n\n\n\n<li>glyc\u00e9rine v\u00e9g\u00e9tale <strong>bio<\/strong> issue du colza (garantie sans allerg\u00e8ne)     <\/li>\n<\/ul>\n<\/li>\n\n\n\n<li>Sans ajout de teintures m\u00e8res ni d\u2019huiles essentielles<\/li>\n\n\n\n<li>Charte du cueilleur fran\u00e7aise : une \u00e9thique humaine, \u00e9cologique et environnementale<\/li>\n\n\n\n<li>Bourgeons frais issus de sites sauvages, cueillis et r\u00e9colt\u00e9s \u00e0 la main : garantis ni cryobroy\u00e9s, ni r\u00e9frig\u00e9r\u00e9s, ni d\u00e9shydrat\u00e9s<\/li>\n\n\n\n<li>Tra\u00e7abilit\u00e9 compl\u00e8te<\/li>\n\n\n\n<li>Mac\u00e9ration dynamis\u00e9e<\/li>\n\n\n\n<li>Gamme compl\u00e8te couvrant tous les domaines d&rsquo;application<\/li>\n\n\n\n<li>Facilit\u00e9 d\u2019emploi<\/li>\n\n\n\n<li>Flacons de 30 ml<\/li>\n<\/ul>\n\n\n\n<h2 class=\"wp-block-heading\">Charte de cueilleur Fran\u00e7aise<\/h2>\n\n\n\n<p>Les bourgeons sont d\u2019origine fran\u00e7aise et cueillis \u00e0 la main.<br>Comme par exemple :<\/p>\n\n\n\n<figure class=\"wp-block-image\"><a class=\"zoombox\" href=\"https:\/\/www.equi-nutri.be\/wp-content\/uploads\/2019\/02\/image.png\"><img loading=\"lazy\" decoding=\"async\" width=\"456\" height=\"263\" src=\"https:\/\/www.equi-nutri.be\/wp-content\/uploads\/2019\/02\/image.png\" alt=\"\" class=\"wp-image-5780\" srcset=\"http:\/\/eq.promisys-web.be\/wp-content\/uploads\/2019\/02\/image.png 456w, http:\/\/eq.promisys-web.be\/wp-content\/uploads\/2019\/02\/image-300x173.png 300w\" sizes=\"auto, (max-width: 456px) 100vw, 456px\" \/><\/a><\/figure>\n<\/div>\n<\/div>\n","protected":false},"excerpt":{"rendered":"<p>Histoire Pol Henry Le Docteur Pol Henry (1918-1988), pose l&rsquo;hypoth\u00e8se que le bourgeon contient toute l&rsquo;\u00e9nergie informative au d\u00e9veloppement des arbres. A partir d\u2019une approche scientifique rigoureuse et de ses observations il d\u00e9veloppera une nouvelle approche bas\u00e9e sur l&rsquo;\u00e9tude des effets d&rsquo;extraits de bourgeons. Il l&rsquo;appellera la phytembryoth\u00e9rapie. Son hypoth\u00e8se est bas\u00e9e sur le fait [&hellip;]<\/p>\n","protected":false},"author":1,"featured_media":6642,"parent":9687,"menu_order":52,"comment_status":"closed","ping_status":"closed","template":"","meta":{"_acf_changed":false,"footnotes":""},"class_list":["post-4082","page","type-page","status-publish","has-post-thumbnail","hentry"],"acf":[],"yoast_head":"<!-- This site is optimized with the Yoast SEO plugin v27.4 - https:\/\/yoast.com\/product\/yoast-seo-wordpress\/ -->\n<title>Gemmoth\u00e9rapie - Laboratoire Equi-Nutri<\/title>\n<meta name=\"robots\" content=\"noindex, follow, max-snippet:-1, max-image-preview:large, max-video-preview:-1\" \/>\n<meta property=\"og:locale\" content=\"fr_FR\" \/>\n<meta property=\"og:type\" content=\"article\" \/>\n<meta property=\"og:title\" content=\"Gemmoth\u00e9rapie - Laboratoire Equi-Nutri\" \/>\n<meta property=\"og:description\" content=\"Histoire Pol Henry Le Docteur Pol Henry (1918-1988), pose l&rsquo;hypoth\u00e8se que le bourgeon contient toute l&rsquo;\u00e9nergie informative au d\u00e9veloppement des arbres. A partir d\u2019une approche scientifique rigoureuse et de ses observations il d\u00e9veloppera une nouvelle approche bas\u00e9e sur l&rsquo;\u00e9tude des effets d&rsquo;extraits de bourgeons. Il l&rsquo;appellera la phytembryoth\u00e9rapie. Son hypoth\u00e8se est bas\u00e9e sur le fait [&hellip;]\" \/>\n<meta property=\"og:url\" content=\"http:\/\/eq.promisys-web.be\/fr\/a-propos\/nos-gamme-de-produits\/gemmotherapie\/\" \/>\n<meta property=\"og:site_name\" content=\"Laboratoire Equi-Nutri\" \/>\n<meta property=\"article:modified_time\" content=\"2023-05-08T11:23:20+00:00\" \/>\n<meta property=\"og:image\" content=\"http:\/\/eq.promisys-web.be\/wp-content\/uploads\/2021\/10\/gemmotherapie.jpg\" \/>\n\t<meta property=\"og:image:width\" content=\"618\" \/>\n\t<meta property=\"og:image:height\" content=\"618\" \/>\n\t<meta property=\"og:image:type\" content=\"image\/jpeg\" \/>\n<meta name=\"twitter:card\" content=\"summary_large_image\" \/>\n<meta name=\"twitter:label1\" content=\"Dur\u00e9e de lecture estim\u00e9e\" \/>\n\t<meta name=\"twitter:data1\" content=\"3 minutes\" \/>\n<script type=\"application\/ld+json\" class=\"yoast-schema-graph\">{\"@context\":\"https:\\\/\\\/schema.org\",\"@graph\":[{\"@type\":\"WebPage\",\"@id\":\"http:\\\/\\\/eq.promisys-web.be\\\/fr\\\/a-propos\\\/nos-gamme-de-produits\\\/gemmotherapie\\\/\",\"url\":\"http:\\\/\\\/eq.promisys-web.be\\\/fr\\\/a-propos\\\/nos-gamme-de-produits\\\/gemmotherapie\\\/\",\"name\":\"Gemmoth\u00e9rapie - Laboratoire Equi-Nutri\",\"isPartOf\":{\"@id\":\"http:\\\/\\\/eq.promisys-web.be\\\/fr\\\/#website\"},\"primaryImageOfPage\":{\"@id\":\"http:\\\/\\\/eq.promisys-web.be\\\/fr\\\/a-propos\\\/nos-gamme-de-produits\\\/gemmotherapie\\\/#primaryimage\"},\"image\":{\"@id\":\"http:\\\/\\\/eq.promisys-web.be\\\/fr\\\/a-propos\\\/nos-gamme-de-produits\\\/gemmotherapie\\\/#primaryimage\"},\"thumbnailUrl\":\"http:\\\/\\\/eq.promisys-web.be\\\/wp-content\\\/uploads\\\/2021\\\/10\\\/gemmotherapie.jpg\",\"datePublished\":\"2018-05-17T12:07:10+00:00\",\"dateModified\":\"2023-05-08T11:23:20+00:00\",\"breadcrumb\":{\"@id\":\"http:\\\/\\\/eq.promisys-web.be\\\/fr\\\/a-propos\\\/nos-gamme-de-produits\\\/gemmotherapie\\\/#breadcrumb\"},\"inLanguage\":\"fr-FR\",\"potentialAction\":[{\"@type\":\"ReadAction\",\"target\":[\"http:\\\/\\\/eq.promisys-web.be\\\/fr\\\/a-propos\\\/nos-gamme-de-produits\\\/gemmotherapie\\\/\"]}]},{\"@type\":\"ImageObject\",\"inLanguage\":\"fr-FR\",\"@id\":\"http:\\\/\\\/eq.promisys-web.be\\\/fr\\\/a-propos\\\/nos-gamme-de-produits\\\/gemmotherapie\\\/#primaryimage\",\"url\":\"http:\\\/\\\/eq.promisys-web.be\\\/wp-content\\\/uploads\\\/2021\\\/10\\\/gemmotherapie.jpg\",\"contentUrl\":\"http:\\\/\\\/eq.promisys-web.be\\\/wp-content\\\/uploads\\\/2021\\\/10\\\/gemmotherapie.jpg\",\"width\":618,\"height\":618},{\"@type\":\"BreadcrumbList\",\"@id\":\"http:\\\/\\\/eq.promisys-web.be\\\/fr\\\/a-propos\\\/nos-gamme-de-produits\\\/gemmotherapie\\\/#breadcrumb\",\"itemListElement\":[{\"@type\":\"ListItem\",\"position\":1,\"name\":\"Accueil\",\"item\":\"http:\\\/\\\/eq.promisys-web.be\\\/fr\\\/\"},{\"@type\":\"ListItem\",\"position\":2,\"name\":\"Qui sommes-nous ?\",\"item\":\"http:\\\/\\\/eq.promisys-web.be\\\/fr\\\/a-propos\\\/\"},{\"@type\":\"ListItem\",\"position\":3,\"name\":\"Nos gamme de produits\",\"item\":\"http:\\\/\\\/eq.promisys-web.be\\\/fr\\\/a-propos\\\/nos-gamme-de-produits\\\/\"},{\"@type\":\"ListItem\",\"position\":4,\"name\":\"Gemmoth\u00e9rapie\"}]},{\"@type\":\"WebSite\",\"@id\":\"http:\\\/\\\/eq.promisys-web.be\\\/fr\\\/#website\",\"url\":\"http:\\\/\\\/eq.promisys-web.be\\\/fr\\\/\",\"name\":\"Laboratoire Equi-Nutri\",\"description\":\"Laboratoire\",\"potentialAction\":[{\"@type\":\"SearchAction\",\"target\":{\"@type\":\"EntryPoint\",\"urlTemplate\":\"http:\\\/\\\/eq.promisys-web.be\\\/fr\\\/?s={search_term_string}\"},\"query-input\":{\"@type\":\"PropertyValueSpecification\",\"valueRequired\":true,\"valueName\":\"search_term_string\"}}],\"inLanguage\":\"fr-FR\"}]}<\/script>\n<!-- \/ Yoast SEO plugin. -->","yoast_head_json":{"title":"Gemmoth\u00e9rapie - Laboratoire Equi-Nutri","robots":{"index":"noindex","follow":"follow","max-snippet":"max-snippet:-1","max-image-preview":"max-image-preview:large","max-video-preview":"max-video-preview:-1"},"og_locale":"fr_FR","og_type":"article","og_title":"Gemmoth\u00e9rapie - Laboratoire Equi-Nutri","og_description":"Histoire Pol Henry Le Docteur Pol Henry (1918-1988), pose l&rsquo;hypoth\u00e8se que le bourgeon contient toute l&rsquo;\u00e9nergie informative au d\u00e9veloppement des arbres. A partir d\u2019une approche scientifique rigoureuse et de ses observations il d\u00e9veloppera une nouvelle approche bas\u00e9e sur l&rsquo;\u00e9tude des effets d&rsquo;extraits de bourgeons. Il l&rsquo;appellera la phytembryoth\u00e9rapie. Son hypoth\u00e8se est bas\u00e9e sur le fait [&hellip;]","og_url":"http:\/\/eq.promisys-web.be\/fr\/a-propos\/nos-gamme-de-produits\/gemmotherapie\/","og_site_name":"Laboratoire Equi-Nutri","article_modified_time":"2023-05-08T11:23:20+00:00","og_image":[{"width":618,"height":618,"url":"http:\/\/eq.promisys-web.be\/wp-content\/uploads\/2021\/10\/gemmotherapie.jpg","type":"image\/jpeg"}],"twitter_card":"summary_large_image","twitter_misc":{"Dur\u00e9e de lecture estim\u00e9e":"3 minutes"},"schema":{"@context":"https:\/\/schema.org","@graph":[{"@type":"WebPage","@id":"http:\/\/eq.promisys-web.be\/fr\/a-propos\/nos-gamme-de-produits\/gemmotherapie\/","url":"http:\/\/eq.promisys-web.be\/fr\/a-propos\/nos-gamme-de-produits\/gemmotherapie\/","name":"Gemmoth\u00e9rapie - Laboratoire Equi-Nutri","isPartOf":{"@id":"http:\/\/eq.promisys-web.be\/fr\/#website"},"primaryImageOfPage":{"@id":"http:\/\/eq.promisys-web.be\/fr\/a-propos\/nos-gamme-de-produits\/gemmotherapie\/#primaryimage"},"image":{"@id":"http:\/\/eq.promisys-web.be\/fr\/a-propos\/nos-gamme-de-produits\/gemmotherapie\/#primaryimage"},"thumbnailUrl":"http:\/\/eq.promisys-web.be\/wp-content\/uploads\/2021\/10\/gemmotherapie.jpg","datePublished":"2018-05-17T12:07:10+00:00","dateModified":"2023-05-08T11:23:20+00:00","breadcrumb":{"@id":"http:\/\/eq.promisys-web.be\/fr\/a-propos\/nos-gamme-de-produits\/gemmotherapie\/#breadcrumb"},"inLanguage":"fr-FR","potentialAction":[{"@type":"ReadAction","target":["http:\/\/eq.promisys-web.be\/fr\/a-propos\/nos-gamme-de-produits\/gemmotherapie\/"]}]},{"@type":"ImageObject","inLanguage":"fr-FR","@id":"http:\/\/eq.promisys-web.be\/fr\/a-propos\/nos-gamme-de-produits\/gemmotherapie\/#primaryimage","url":"http:\/\/eq.promisys-web.be\/wp-content\/uploads\/2021\/10\/gemmotherapie.jpg","contentUrl":"http:\/\/eq.promisys-web.be\/wp-content\/uploads\/2021\/10\/gemmotherapie.jpg","width":618,"height":618},{"@type":"BreadcrumbList","@id":"http:\/\/eq.promisys-web.be\/fr\/a-propos\/nos-gamme-de-produits\/gemmotherapie\/#breadcrumb","itemListElement":[{"@type":"ListItem","position":1,"name":"Accueil","item":"http:\/\/eq.promisys-web.be\/fr\/"},{"@type":"ListItem","position":2,"name":"Qui sommes-nous ?","item":"http:\/\/eq.promisys-web.be\/fr\/a-propos\/"},{"@type":"ListItem","position":3,"name":"Nos gamme de produits","item":"http:\/\/eq.promisys-web.be\/fr\/a-propos\/nos-gamme-de-produits\/"},{"@type":"ListItem","position":4,"name":"Gemmoth\u00e9rapie"}]},{"@type":"WebSite","@id":"http:\/\/eq.promisys-web.be\/fr\/#website","url":"http:\/\/eq.promisys-web.be\/fr\/","name":"Laboratoire Equi-Nutri","description":"Laboratoire","potentialAction":[{"@type":"SearchAction","target":{"@type":"EntryPoint","urlTemplate":"http:\/\/eq.promisys-web.be\/fr\/?s={search_term_string}"},"query-input":{"@type":"PropertyValueSpecification","valueRequired":true,"valueName":"search_term_string"}}],"inLanguage":"fr-FR"}]}},"_links":{"self":[{"href":"http:\/\/eq.promisys-web.be\/fr\/wp-json\/wp\/v2\/pages\/4082","targetHints":{"allow":["GET"]}}],"collection":[{"href":"http:\/\/eq.promisys-web.be\/fr\/wp-json\/wp\/v2\/pages"}],"about":[{"href":"http:\/\/eq.promisys-web.be\/fr\/wp-json\/wp\/v2\/types\/page"}],"author":[{"embeddable":true,"href":"http:\/\/eq.promisys-web.be\/fr\/wp-json\/wp\/v2\/users\/1"}],"replies":[{"embeddable":true,"href":"http:\/\/eq.promisys-web.be\/fr\/wp-json\/wp\/v2\/comments?post=4082"}],"version-history":[{"count":10,"href":"http:\/\/eq.promisys-web.be\/fr\/wp-json\/wp\/v2\/pages\/4082\/revisions"}],"predecessor-version":[{"id":9509,"href":"http:\/\/eq.promisys-web.be\/fr\/wp-json\/wp\/v2\/pages\/4082\/revisions\/9509"}],"up":[{"embeddable":true,"href":"http:\/\/eq.promisys-web.be\/fr\/wp-json\/wp\/v2\/pages\/9687"}],"wp:featuredmedia":[{"embeddable":true,"href":"http:\/\/eq.promisys-web.be\/fr\/wp-json\/wp\/v2\/media\/6642"}],"wp:attachment":[{"href":"http:\/\/eq.promisys-web.be\/fr\/wp-json\/wp\/v2\/media?parent=4082"}],"curies":[{"name":"wp","href":"https:\/\/api.w.org\/{rel}","templated":true}]}}