{"id":319,"date":"2015-05-13T08:24:22","date_gmt":"2015-05-13T07:24:22","guid":{"rendered":"https:\/\/www.equi-nutri.be\/?page_id=319"},"modified":"2023-05-30T09:11:53","modified_gmt":"2023-05-30T08:11:53","slug":"nos-gagements","status":"publish","type":"page","link":"http:\/\/eq.promisys-web.be\/fr\/a-propos\/nos-gagements\/","title":{"rendered":"Nos engagements"},"content":{"rendered":"\n<h2 class=\"wp-block-heading\">Engagement \u00ab\u00a0qualit\u00e9 et s\u00e9curit\u00e9\u00a0\u00bb<\/h2>\n\n\n\n<p>Tous les produits de la gamme Equi-Nutri sont d\u00e9velopp\u00e9s, formul\u00e9s et fabriqu\u00e9s avec le plus grand soin, en conformit\u00e9 avec un cahier des charges qui va bien au-del\u00e0 des contraintes r\u00e9glementaires.  Nous s\u00e9lectionnons des ingr\u00e9dients de haute qualit\u00e9, nos extraits v\u00e9g\u00e9taux sont standardis\u00e9s en principes actifs et proviennent de fili\u00e8res d\u2019approvisionnement s\u00e9curis\u00e9es, garantes d\u2019une parfaite identification botanique et d\u2019une tra\u00e7abilit\u00e9 sans faille.<\/p>\n\n\n\n<p><strong>Nous nous attachons \u00e0 supprimer l\u2019utilisation de tout excipient controvers\u00e9 et artificiel<\/strong><\/p>\n\n\n\n<p>Depuis sa cr\u00e9ation, le laboratoire EQUI-NUTRI utilise<\/p>\n\n\n\n<ul class=\"wp-block-list\">\n<li><strong>aucun<\/strong> st\u00e9arate de magn\u00e9sium<\/li>\n\n\n\n<li><strong>aucun <\/strong>dioxyde de titane, ni de dioxyde de silicium dont les micro et nano-particules peuvent engendrer divers effets  nocifs comme par exemple un important stress oxydant et des dommages \u00e0 l\u2019ADN<\/li>\n\n\n\n<li><strong>toujours<\/strong> le lithothamne comme excipient principal <\/li>\n<\/ul>\n\n\n\n<p><strong>Tous les produits sont<\/strong><\/p>\n\n\n\n<ul class=\"wp-block-list\">\n<li>garantis sans OGM, sans gluten et sans nanoparticule<\/li>\n\n\n\n<li>formul\u00e9s en principes actifs hautement assimilables<\/li>\n\n\n\n<li>con\u00e7us pour une cure de 1 mois<\/li>\n<\/ul>\n\n\n\n<h2 class=\"wp-block-heading\">Engagement \u00ab\u00a0fabrication propre\u00a0\u00bb<\/h2>\n\n\n\n<p>Le Laboratoire Equi-Nutri est une coop\u00e9rative belge qui fabrique ses propres produits et peut se targuer d\u2019une expertise de plus de 25 ann\u00e9es aujourd\u2019hui. Il r\u00e9pond aux normes HACCP (certification des mati\u00e8res premi\u00e8res et proc\u00e9d\u00e9s de fabrication pharmaceutique) et est certifi\u00e9 Certysis.<\/p>\n\n\n\n<p>La ma\u00eetrise de toutes les \u00e9tapes de production et fabrication est le garant d\u2019une mise \u00e0 disposition de produits dont le rapport qualit\u00e9\/prix est exceptionnel. Les sites de production sont en Belgique et en France garants d\u2019une d\u00e9marche bas\u00e9e sur le local et la proximit\u00e9.<\/p>\n\n\n\n<p>Equi-Nutri est un laboratoire pr\u00e9curseur : c&rsquo;est un des premiers laboratoires \u00e0 avoir lanc\u00e9 et mis sur le march\u00e9 d\u2019une part, une gamme de pidolate de min\u00e9raux et d\u2019autre part, une gamme tr\u00e8s compl\u00e8te en mac\u00e9rat glyc\u00e9rin\u00e9 concentr\u00e9 biologique.<\/p>\n\n\n\n<h2 class=\"wp-block-heading\">Engagement \u00ab\u00a0approche globale et holistique du bien-\u00eatre\u00a0\u00bb<\/h2>\n\n\n\n<p>Nous nous attachons \u00e0 formuler des produits innovateurs avec des ingr\u00e9dients et principes actifs qui ont fait l&rsquo;objet d&rsquo;\u00e9tudes scientifiques nationales voire internationales.<\/p>\n\n\n\n<h2 class=\"wp-block-heading\">Engagement \u00ab\u00a0respect de l&rsquo;environnement\u00a0\u00bb<\/h2>\n\n\n\n<p>Nous v\u00e9hiculons la charte du cueilleur bas\u00e9e sur une \u00e9thique<\/p>\n\n\n\n<ul class=\"wp-block-list\">\n<li>humaine (solidarit\u00e9 entre les diff\u00e9rents corps de m\u00e9tier)<\/li>\n\n\n\n<li>\u00e9cologique (responsable, durable et locale)<\/li>\n\n\n\n<li>environnementale (pr\u00e9servation des ressources naturelles)<\/li>\n<\/ul>\n\n\n\n<h2 class=\"wp-block-heading\">Engagement \u00ab\u00a0d\u00e9fense du secteur du compl\u00e9ment alimentaire\u00a0\u00bb<\/h2>\n\n\n\n<p>Mme Diane BEUNEN, Directrice du laboratoire Equi-Nutri est, depuis plusieurs ann\u00e9es, un membre actif du conseil d\u2019Administration de Be-Sup, le syndicat qui d\u00e9fend et valorise le secteur du compl\u00e9ment alimentaire au niveau national et Europ\u00e9en.<\/p>\n","protected":false},"excerpt":{"rendered":"<p>Engagement \u00ab\u00a0qualit\u00e9 et s\u00e9curit\u00e9\u00a0\u00bb Tous les produits de la gamme Equi-Nutri sont d\u00e9velopp\u00e9s, formul\u00e9s et fabriqu\u00e9s avec le plus grand soin, en conformit\u00e9 avec un cahier des charges qui va bien au-del\u00e0 des contraintes r\u00e9glementaires. Nous s\u00e9lectionnons des ingr\u00e9dients de haute qualit\u00e9, nos extraits v\u00e9g\u00e9taux sont standardis\u00e9s en principes actifs et proviennent de fili\u00e8res d\u2019approvisionnement [&hellip;]<\/p>\n","protected":false},"author":1,"featured_media":0,"parent":12,"menu_order":45,"comment_status":"closed","ping_status":"closed","template":"","meta":{"_acf_changed":false,"footnotes":""},"class_list":["post-319","page","type-page","status-publish","hentry"],"acf":[],"yoast_head":"<!-- This site is optimized with the Yoast SEO plugin v27.4 - https:\/\/yoast.com\/product\/yoast-seo-wordpress\/ -->\n<title>Nos engagements - Laboratoire Equi-Nutri<\/title>\n<meta name=\"robots\" content=\"noindex, follow, max-snippet:-1, max-image-preview:large, max-video-preview:-1\" \/>\n<meta property=\"og:locale\" content=\"fr_FR\" \/>\n<meta property=\"og:type\" content=\"article\" \/>\n<meta property=\"og:title\" content=\"Nos engagements - Laboratoire Equi-Nutri\" \/>\n<meta property=\"og:description\" content=\"Engagement \u00ab\u00a0qualit\u00e9 et s\u00e9curit\u00e9\u00a0\u00bb Tous les produits de la gamme Equi-Nutri sont d\u00e9velopp\u00e9s, formul\u00e9s et fabriqu\u00e9s avec le plus grand soin, en conformit\u00e9 avec un cahier des charges qui va bien au-del\u00e0 des contraintes r\u00e9glementaires. Nous s\u00e9lectionnons des ingr\u00e9dients de haute qualit\u00e9, nos extraits v\u00e9g\u00e9taux sont standardis\u00e9s en principes actifs et proviennent de fili\u00e8res d\u2019approvisionnement [&hellip;]\" \/>\n<meta property=\"og:url\" content=\"http:\/\/eq.promisys-web.be\/fr\/a-propos\/nos-gagements\/\" \/>\n<meta property=\"og:site_name\" content=\"Laboratoire Equi-Nutri\" \/>\n<meta property=\"article:modified_time\" content=\"2023-05-30T08:11:53+00:00\" \/>\n<meta name=\"twitter:card\" content=\"summary_large_image\" \/>\n<meta name=\"twitter:label1\" content=\"Dur\u00e9e de lecture estim\u00e9e\" \/>\n\t<meta name=\"twitter:data1\" content=\"2 minutes\" \/>\n<script type=\"application\/ld+json\" class=\"yoast-schema-graph\">{\"@context\":\"https:\\\/\\\/schema.org\",\"@graph\":[{\"@type\":\"WebPage\",\"@id\":\"http:\\\/\\\/eq.promisys-web.be\\\/fr\\\/a-propos\\\/nos-gagements\\\/\",\"url\":\"http:\\\/\\\/eq.promisys-web.be\\\/fr\\\/a-propos\\\/nos-gagements\\\/\",\"name\":\"Nos engagements - Laboratoire Equi-Nutri\",\"isPartOf\":{\"@id\":\"http:\\\/\\\/eq.promisys-web.be\\\/fr\\\/#website\"},\"datePublished\":\"2015-05-13T07:24:22+00:00\",\"dateModified\":\"2023-05-30T08:11:53+00:00\",\"breadcrumb\":{\"@id\":\"http:\\\/\\\/eq.promisys-web.be\\\/fr\\\/a-propos\\\/nos-gagements\\\/#breadcrumb\"},\"inLanguage\":\"fr-FR\",\"potentialAction\":[{\"@type\":\"ReadAction\",\"target\":[\"http:\\\/\\\/eq.promisys-web.be\\\/fr\\\/a-propos\\\/nos-gagements\\\/\"]}]},{\"@type\":\"BreadcrumbList\",\"@id\":\"http:\\\/\\\/eq.promisys-web.be\\\/fr\\\/a-propos\\\/nos-gagements\\\/#breadcrumb\",\"itemListElement\":[{\"@type\":\"ListItem\",\"position\":1,\"name\":\"Accueil\",\"item\":\"http:\\\/\\\/eq.promisys-web.be\\\/fr\\\/\"},{\"@type\":\"ListItem\",\"position\":2,\"name\":\"Qui sommes-nous ?\",\"item\":\"http:\\\/\\\/eq.promisys-web.be\\\/fr\\\/a-propos\\\/\"},{\"@type\":\"ListItem\",\"position\":3,\"name\":\"Nos engagements\"}]},{\"@type\":\"WebSite\",\"@id\":\"http:\\\/\\\/eq.promisys-web.be\\\/fr\\\/#website\",\"url\":\"http:\\\/\\\/eq.promisys-web.be\\\/fr\\\/\",\"name\":\"Laboratoire Equi-Nutri\",\"description\":\"Laboratoire\",\"potentialAction\":[{\"@type\":\"SearchAction\",\"target\":{\"@type\":\"EntryPoint\",\"urlTemplate\":\"http:\\\/\\\/eq.promisys-web.be\\\/fr\\\/?s={search_term_string}\"},\"query-input\":{\"@type\":\"PropertyValueSpecification\",\"valueRequired\":true,\"valueName\":\"search_term_string\"}}],\"inLanguage\":\"fr-FR\"}]}<\/script>\n<!-- \/ Yoast SEO plugin. -->","yoast_head_json":{"title":"Nos engagements - Laboratoire Equi-Nutri","robots":{"index":"noindex","follow":"follow","max-snippet":"max-snippet:-1","max-image-preview":"max-image-preview:large","max-video-preview":"max-video-preview:-1"},"og_locale":"fr_FR","og_type":"article","og_title":"Nos engagements - Laboratoire Equi-Nutri","og_description":"Engagement \u00ab\u00a0qualit\u00e9 et s\u00e9curit\u00e9\u00a0\u00bb Tous les produits de la gamme Equi-Nutri sont d\u00e9velopp\u00e9s, formul\u00e9s et fabriqu\u00e9s avec le plus grand soin, en conformit\u00e9 avec un cahier des charges qui va bien au-del\u00e0 des contraintes r\u00e9glementaires. Nous s\u00e9lectionnons des ingr\u00e9dients de haute qualit\u00e9, nos extraits v\u00e9g\u00e9taux sont standardis\u00e9s en principes actifs et proviennent de fili\u00e8res d\u2019approvisionnement [&hellip;]","og_url":"http:\/\/eq.promisys-web.be\/fr\/a-propos\/nos-gagements\/","og_site_name":"Laboratoire Equi-Nutri","article_modified_time":"2023-05-30T08:11:53+00:00","twitter_card":"summary_large_image","twitter_misc":{"Dur\u00e9e de lecture estim\u00e9e":"2 minutes"},"schema":{"@context":"https:\/\/schema.org","@graph":[{"@type":"WebPage","@id":"http:\/\/eq.promisys-web.be\/fr\/a-propos\/nos-gagements\/","url":"http:\/\/eq.promisys-web.be\/fr\/a-propos\/nos-gagements\/","name":"Nos engagements - Laboratoire Equi-Nutri","isPartOf":{"@id":"http:\/\/eq.promisys-web.be\/fr\/#website"},"datePublished":"2015-05-13T07:24:22+00:00","dateModified":"2023-05-30T08:11:53+00:00","breadcrumb":{"@id":"http:\/\/eq.promisys-web.be\/fr\/a-propos\/nos-gagements\/#breadcrumb"},"inLanguage":"fr-FR","potentialAction":[{"@type":"ReadAction","target":["http:\/\/eq.promisys-web.be\/fr\/a-propos\/nos-gagements\/"]}]},{"@type":"BreadcrumbList","@id":"http:\/\/eq.promisys-web.be\/fr\/a-propos\/nos-gagements\/#breadcrumb","itemListElement":[{"@type":"ListItem","position":1,"name":"Accueil","item":"http:\/\/eq.promisys-web.be\/fr\/"},{"@type":"ListItem","position":2,"name":"Qui sommes-nous ?","item":"http:\/\/eq.promisys-web.be\/fr\/a-propos\/"},{"@type":"ListItem","position":3,"name":"Nos engagements"}]},{"@type":"WebSite","@id":"http:\/\/eq.promisys-web.be\/fr\/#website","url":"http:\/\/eq.promisys-web.be\/fr\/","name":"Laboratoire Equi-Nutri","description":"Laboratoire","potentialAction":[{"@type":"SearchAction","target":{"@type":"EntryPoint","urlTemplate":"http:\/\/eq.promisys-web.be\/fr\/?s={search_term_string}"},"query-input":{"@type":"PropertyValueSpecification","valueRequired":true,"valueName":"search_term_string"}}],"inLanguage":"fr-FR"}]}},"_links":{"self":[{"href":"http:\/\/eq.promisys-web.be\/fr\/wp-json\/wp\/v2\/pages\/319","targetHints":{"allow":["GET"]}}],"collection":[{"href":"http:\/\/eq.promisys-web.be\/fr\/wp-json\/wp\/v2\/pages"}],"about":[{"href":"http:\/\/eq.promisys-web.be\/fr\/wp-json\/wp\/v2\/types\/page"}],"author":[{"embeddable":true,"href":"http:\/\/eq.promisys-web.be\/fr\/wp-json\/wp\/v2\/users\/1"}],"replies":[{"embeddable":true,"href":"http:\/\/eq.promisys-web.be\/fr\/wp-json\/wp\/v2\/comments?post=319"}],"version-history":[{"count":6,"href":"http:\/\/eq.promisys-web.be\/fr\/wp-json\/wp\/v2\/pages\/319\/revisions"}],"predecessor-version":[{"id":9922,"href":"http:\/\/eq.promisys-web.be\/fr\/wp-json\/wp\/v2\/pages\/319\/revisions\/9922"}],"up":[{"embeddable":true,"href":"http:\/\/eq.promisys-web.be\/fr\/wp-json\/wp\/v2\/pages\/12"}],"wp:attachment":[{"href":"http:\/\/eq.promisys-web.be\/fr\/wp-json\/wp\/v2\/media?parent=319"}],"curies":[{"name":"wp","href":"https:\/\/api.w.org\/{rel}","templated":true}]}}