{"id":255,"date":"2015-05-12T14:23:44","date_gmt":"2015-05-12T13:23:44","guid":{"rendered":"https:\/\/www.equi-nutri.be\/?page_id=255"},"modified":"2023-05-30T09:37:21","modified_gmt":"2023-05-30T08:37:21","slug":"la-charte-nutri-phyto","status":"publish","type":"page","link":"http:\/\/eq.promisys-web.be\/fr\/a-propos\/nos-chartes\/la-charte-nutri-phyto\/","title":{"rendered":"La Charte Nutri\/phyto"},"content":{"rendered":"\n<p>Une gamme compl\u00e8te de compl\u00e9ments nutritionnels, formul\u00e9s \u00e0 partir d&rsquo;ingr\u00e9dients de hautes qualit\u00e9s, standardis\u00e9s, soutenue par une documentation scientifique compl\u00e8te.<\/p>\n\n\n\n<p><strong>Equi-Nutri<\/strong> est le seul laboratoire qui a \u00e9labor\u00e9 un concept qui consiste \u00e0 associer les produits en <strong>Gemmoth\u00e9rapie <\/strong>\u00e0 la <strong>Nutrith\u00e9rapie <\/strong>(l&rsquo;Orthomol\u00e9culaire) et la <strong>Phytoth\u00e9rapie<\/strong>.<\/p>\n\n\n\n<ul class=\"wp-block-list\">\n<li><strong>Pidolate de min\u00e9raux<\/strong>: Calcium, Chrome, Cuivre, Magn\u00e9sium, Mangan\u00e8se, Zinc, Cuivre, Potassium<\/li>\n\n\n\n<li><strong>Anti-oxydants<\/strong>: S\u00e9l\u00e9nium, Acide Alpha Lipo\u00efque, L-Glutathion, SOD<\/li>\n\n\n\n<li><strong>Acides Amin\u00e9s<\/strong>: Sous la forme \u00ab L \u00bb qui assure une biodisponibilit\u00e9 optimale<\/li>\n\n\n\n<li><strong>Enzymes<\/strong>: Bromelase, Coenzyme Q10, Papa\u00efne, Polycasanol<\/li>\n\n\n\n<li><strong>Vitamines<\/strong>: B1, B2, B3, B5, B6, B8, B9, B12, C, D, E, P<\/li>\n\n\n\n<li><strong>Capsules huileuses<\/strong>: Foie de Morue, Bourrache, Onagre, Om\u00e9ga 3, Om\u00e9ga 6<\/li>\n\n\n\n<li><strong>Les complexes<\/strong> : dans une seule g\u00e9lule sont associ\u00e9 les principes actifs de nutriments \u00e0 des extraits de plantes dans le but de favoriser les effets positifs attendus<\/li>\n<\/ul>\n","protected":false},"excerpt":{"rendered":"<p>Une gamme compl\u00e8te de compl\u00e9ments nutritionnels, formul\u00e9s \u00e0 partir d&rsquo;ingr\u00e9dients de hautes qualit\u00e9s, standardis\u00e9s, soutenue par une documentation scientifique compl\u00e8te. Equi-Nutri est le seul laboratoire qui a \u00e9labor\u00e9 un concept qui consiste \u00e0 associer les produits en Gemmoth\u00e9rapie \u00e0 la Nutrith\u00e9rapie (l&rsquo;Orthomol\u00e9culaire) et la Phytoth\u00e9rapie.<\/p>\n","protected":false},"author":1,"featured_media":0,"parent":9915,"menu_order":34,"comment_status":"closed","ping_status":"closed","template":"","meta":{"_acf_changed":false,"footnotes":""},"class_list":["post-255","page","type-page","status-publish","hentry"],"acf":[],"yoast_head":"<!-- This site is optimized with the Yoast SEO plugin v27.4 - https:\/\/yoast.com\/product\/yoast-seo-wordpress\/ -->\n<title>La Charte Nutri\/phyto - Laboratoire Equi-Nutri<\/title>\n<meta name=\"robots\" content=\"noindex, follow, max-snippet:-1, max-image-preview:large, max-video-preview:-1\" \/>\n<meta property=\"og:locale\" content=\"fr_FR\" \/>\n<meta property=\"og:type\" content=\"article\" \/>\n<meta property=\"og:title\" content=\"La Charte Nutri\/phyto - Laboratoire Equi-Nutri\" \/>\n<meta property=\"og:description\" content=\"Une gamme compl\u00e8te de compl\u00e9ments nutritionnels, formul\u00e9s \u00e0 partir d&rsquo;ingr\u00e9dients de hautes qualit\u00e9s, standardis\u00e9s, soutenue par une documentation scientifique compl\u00e8te. Equi-Nutri est le seul laboratoire qui a \u00e9labor\u00e9 un concept qui consiste \u00e0 associer les produits en Gemmoth\u00e9rapie \u00e0 la Nutrith\u00e9rapie (l&rsquo;Orthomol\u00e9culaire) et la Phytoth\u00e9rapie.\" \/>\n<meta property=\"og:url\" content=\"http:\/\/eq.promisys-web.be\/fr\/a-propos\/nos-chartes\/la-charte-nutri-phyto\/\" \/>\n<meta property=\"og:site_name\" content=\"Laboratoire Equi-Nutri\" \/>\n<meta property=\"article:modified_time\" content=\"2023-05-30T08:37:21+00:00\" \/>\n<meta name=\"twitter:card\" content=\"summary_large_image\" \/>\n<meta name=\"twitter:label1\" content=\"Dur\u00e9e de lecture estim\u00e9e\" \/>\n\t<meta name=\"twitter:data1\" content=\"1 minute\" \/>\n<script type=\"application\/ld+json\" class=\"yoast-schema-graph\">{\"@context\":\"https:\\\/\\\/schema.org\",\"@graph\":[{\"@type\":\"WebPage\",\"@id\":\"http:\\\/\\\/eq.promisys-web.be\\\/fr\\\/a-propos\\\/nos-chartes\\\/la-charte-nutri-phyto\\\/\",\"url\":\"http:\\\/\\\/eq.promisys-web.be\\\/fr\\\/a-propos\\\/nos-chartes\\\/la-charte-nutri-phyto\\\/\",\"name\":\"La Charte Nutri\\\/phyto - Laboratoire Equi-Nutri\",\"isPartOf\":{\"@id\":\"http:\\\/\\\/eq.promisys-web.be\\\/fr\\\/#website\"},\"datePublished\":\"2015-05-12T13:23:44+00:00\",\"dateModified\":\"2023-05-30T08:37:21+00:00\",\"breadcrumb\":{\"@id\":\"http:\\\/\\\/eq.promisys-web.be\\\/fr\\\/a-propos\\\/nos-chartes\\\/la-charte-nutri-phyto\\\/#breadcrumb\"},\"inLanguage\":\"fr-FR\",\"potentialAction\":[{\"@type\":\"ReadAction\",\"target\":[\"http:\\\/\\\/eq.promisys-web.be\\\/fr\\\/a-propos\\\/nos-chartes\\\/la-charte-nutri-phyto\\\/\"]}]},{\"@type\":\"BreadcrumbList\",\"@id\":\"http:\\\/\\\/eq.promisys-web.be\\\/fr\\\/a-propos\\\/nos-chartes\\\/la-charte-nutri-phyto\\\/#breadcrumb\",\"itemListElement\":[{\"@type\":\"ListItem\",\"position\":1,\"name\":\"Accueil\",\"item\":\"http:\\\/\\\/eq.promisys-web.be\\\/fr\\\/\"},{\"@type\":\"ListItem\",\"position\":2,\"name\":\"Qui sommes-nous ?\",\"item\":\"http:\\\/\\\/eq.promisys-web.be\\\/fr\\\/a-propos\\\/\"},{\"@type\":\"ListItem\",\"position\":3,\"name\":\"Nos chartes\",\"item\":\"http:\\\/\\\/eq.promisys-web.be\\\/fr\\\/a-propos\\\/nos-chartes\\\/\"},{\"@type\":\"ListItem\",\"position\":4,\"name\":\"La Charte Nutri\\\/phyto\"}]},{\"@type\":\"WebSite\",\"@id\":\"http:\\\/\\\/eq.promisys-web.be\\\/fr\\\/#website\",\"url\":\"http:\\\/\\\/eq.promisys-web.be\\\/fr\\\/\",\"name\":\"Laboratoire Equi-Nutri\",\"description\":\"Laboratoire\",\"potentialAction\":[{\"@type\":\"SearchAction\",\"target\":{\"@type\":\"EntryPoint\",\"urlTemplate\":\"http:\\\/\\\/eq.promisys-web.be\\\/fr\\\/?s={search_term_string}\"},\"query-input\":{\"@type\":\"PropertyValueSpecification\",\"valueRequired\":true,\"valueName\":\"search_term_string\"}}],\"inLanguage\":\"fr-FR\"}]}<\/script>\n<!-- \/ Yoast SEO plugin. -->","yoast_head_json":{"title":"La Charte Nutri\/phyto - Laboratoire Equi-Nutri","robots":{"index":"noindex","follow":"follow","max-snippet":"max-snippet:-1","max-image-preview":"max-image-preview:large","max-video-preview":"max-video-preview:-1"},"og_locale":"fr_FR","og_type":"article","og_title":"La Charte Nutri\/phyto - Laboratoire Equi-Nutri","og_description":"Une gamme compl\u00e8te de compl\u00e9ments nutritionnels, formul\u00e9s \u00e0 partir d&rsquo;ingr\u00e9dients de hautes qualit\u00e9s, standardis\u00e9s, soutenue par une documentation scientifique compl\u00e8te. Equi-Nutri est le seul laboratoire qui a \u00e9labor\u00e9 un concept qui consiste \u00e0 associer les produits en Gemmoth\u00e9rapie \u00e0 la Nutrith\u00e9rapie (l&rsquo;Orthomol\u00e9culaire) et la Phytoth\u00e9rapie.","og_url":"http:\/\/eq.promisys-web.be\/fr\/a-propos\/nos-chartes\/la-charte-nutri-phyto\/","og_site_name":"Laboratoire Equi-Nutri","article_modified_time":"2023-05-30T08:37:21+00:00","twitter_card":"summary_large_image","twitter_misc":{"Dur\u00e9e de lecture estim\u00e9e":"1 minute"},"schema":{"@context":"https:\/\/schema.org","@graph":[{"@type":"WebPage","@id":"http:\/\/eq.promisys-web.be\/fr\/a-propos\/nos-chartes\/la-charte-nutri-phyto\/","url":"http:\/\/eq.promisys-web.be\/fr\/a-propos\/nos-chartes\/la-charte-nutri-phyto\/","name":"La Charte Nutri\/phyto - Laboratoire Equi-Nutri","isPartOf":{"@id":"http:\/\/eq.promisys-web.be\/fr\/#website"},"datePublished":"2015-05-12T13:23:44+00:00","dateModified":"2023-05-30T08:37:21+00:00","breadcrumb":{"@id":"http:\/\/eq.promisys-web.be\/fr\/a-propos\/nos-chartes\/la-charte-nutri-phyto\/#breadcrumb"},"inLanguage":"fr-FR","potentialAction":[{"@type":"ReadAction","target":["http:\/\/eq.promisys-web.be\/fr\/a-propos\/nos-chartes\/la-charte-nutri-phyto\/"]}]},{"@type":"BreadcrumbList","@id":"http:\/\/eq.promisys-web.be\/fr\/a-propos\/nos-chartes\/la-charte-nutri-phyto\/#breadcrumb","itemListElement":[{"@type":"ListItem","position":1,"name":"Accueil","item":"http:\/\/eq.promisys-web.be\/fr\/"},{"@type":"ListItem","position":2,"name":"Qui sommes-nous ?","item":"http:\/\/eq.promisys-web.be\/fr\/a-propos\/"},{"@type":"ListItem","position":3,"name":"Nos chartes","item":"http:\/\/eq.promisys-web.be\/fr\/a-propos\/nos-chartes\/"},{"@type":"ListItem","position":4,"name":"La Charte Nutri\/phyto"}]},{"@type":"WebSite","@id":"http:\/\/eq.promisys-web.be\/fr\/#website","url":"http:\/\/eq.promisys-web.be\/fr\/","name":"Laboratoire Equi-Nutri","description":"Laboratoire","potentialAction":[{"@type":"SearchAction","target":{"@type":"EntryPoint","urlTemplate":"http:\/\/eq.promisys-web.be\/fr\/?s={search_term_string}"},"query-input":{"@type":"PropertyValueSpecification","valueRequired":true,"valueName":"search_term_string"}}],"inLanguage":"fr-FR"}]}},"_links":{"self":[{"href":"http:\/\/eq.promisys-web.be\/fr\/wp-json\/wp\/v2\/pages\/255","targetHints":{"allow":["GET"]}}],"collection":[{"href":"http:\/\/eq.promisys-web.be\/fr\/wp-json\/wp\/v2\/pages"}],"about":[{"href":"http:\/\/eq.promisys-web.be\/fr\/wp-json\/wp\/v2\/types\/page"}],"author":[{"embeddable":true,"href":"http:\/\/eq.promisys-web.be\/fr\/wp-json\/wp\/v2\/users\/1"}],"replies":[{"embeddable":true,"href":"http:\/\/eq.promisys-web.be\/fr\/wp-json\/wp\/v2\/comments?post=255"}],"version-history":[{"count":10,"href":"http:\/\/eq.promisys-web.be\/fr\/wp-json\/wp\/v2\/pages\/255\/revisions"}],"predecessor-version":[{"id":9971,"href":"http:\/\/eq.promisys-web.be\/fr\/wp-json\/wp\/v2\/pages\/255\/revisions\/9971"}],"up":[{"embeddable":true,"href":"http:\/\/eq.promisys-web.be\/fr\/wp-json\/wp\/v2\/pages\/9915"}],"wp:attachment":[{"href":"http:\/\/eq.promisys-web.be\/fr\/wp-json\/wp\/v2\/media?parent=255"}],"curies":[{"name":"wp","href":"https:\/\/api.w.org\/{rel}","templated":true}]}}