{"id":252,"date":"2015-05-12T14:22:03","date_gmt":"2015-05-12T13:22:03","guid":{"rendered":"https:\/\/www.equi-nutri.be\/?page_id=252"},"modified":"2023-12-07T10:23:03","modified_gmt":"2023-12-07T09:23:03","slug":"notre-laboratoire","status":"publish","type":"page","link":"http:\/\/eq.promisys-web.be\/fr\/a-propos\/notre-laboratoire\/","title":{"rendered":"Notre laboratoire"},"content":{"rendered":"\n<p>Depuis 30 ans le laboratoire Equi-Nutri, laboratoire wallon install\u00e9 \u00e0 Wellin, en Province du Luxembourg, propose des produits respectueux du consommateur et de son bien-\u00eatre.<\/p>\n\n\n\n<p>Equi-Nutri d\u00e9veloppe et fabrique des compl\u00e9ments nutritionnels de premi\u00e8re qualit\u00e9. Nous privil\u00e9gions les dosages r\u00e9ellement efficaces dans le respect de la l\u00e9gislation en vigueur.<\/p>\n\n\n\n<p><strong>L\u2019article 2, a) de la directive 2002\/46 relative au rapprochement des l\u00e9gislations des \u00c9tats membres concernant les compl\u00e9ments alimentaires d\u00e9finit ces produits comme : \u00ab les denr\u00e9es alimentaires dont le but est de compl\u00e9ter le r\u00e9gime alimentaire normal et qui constituent une source concentr\u00e9e de nutriments ou d\u2019autres substances ayant un effet nutritionnel ou physiologique \u00bb<\/strong><\/p>\n\n\n\n<p>Toutes nos formulations sont r\u00e9guli\u00e8rement repens\u00e9es et int\u00e8grent les donn\u00e9es des derni\u00e8res publications scientifiques.<\/p>\n\n\n\n<p>Notre approche s\u2019appuie \u00e9galement sur un partenariat \u00e9troit avec nos fournisseurs de mati\u00e8res premi\u00e8res. Cela se traduit par des actes concrets comme la mise en place de la \u00ab Charte du cueilleur \u00bb qui nous permet de garantir la tra\u00e7abilit\u00e9 et l&rsquo;identification botanique des bourgeons employ\u00e9s ou encore le fait de privil\u00e9gier les producteurs locaux chaque fois que c\u2019est possible.<\/p>\n\n\n\n<p>Tous nos choix sont dict\u00e9s par la volont\u00e9 d\u2019offrir la garantie de biodisponibilit\u00e9. Une approche \u00e9thique et responsable qui nous a valu d\u2019\u00eatre reconnus par de nombreux prescripteurs et appr\u00e9ci\u00e9s de nos clients.<\/p>\n\n\n\n<p>Ce souci de qualit\u00e9 et de performance, au service du bien-\u00eatre, est une des valeurs essentielles de l\u2019\u00e9quipe Equi-Nutri.<\/p>\n\n\n\n<p><\/p>\n","protected":false},"excerpt":{"rendered":"<p>Depuis 30 ans le laboratoire Equi-Nutri, laboratoire wallon install\u00e9 \u00e0 Wellin, en Province du Luxembourg, propose des produits respectueux du consommateur et de son bien-\u00eatre. Equi-Nutri d\u00e9veloppe et fabrique des compl\u00e9ments nutritionnels de premi\u00e8re qualit\u00e9. Nous privil\u00e9gions les dosages r\u00e9ellement efficaces dans le respect de la l\u00e9gislation en vigueur. L\u2019article 2, a) de la directive [&hellip;]<\/p>\n","protected":false},"author":1,"featured_media":0,"parent":12,"menu_order":42,"comment_status":"closed","ping_status":"closed","template":"","meta":{"_acf_changed":false,"footnotes":""},"class_list":["post-252","page","type-page","status-publish","hentry"],"acf":[],"yoast_head":"<!-- This site is optimized with the Yoast SEO plugin v27.4 - https:\/\/yoast.com\/product\/yoast-seo-wordpress\/ -->\n<title>Notre laboratoire - Laboratoire Equi-Nutri<\/title>\n<meta name=\"robots\" content=\"noindex, follow, max-snippet:-1, max-image-preview:large, max-video-preview:-1\" \/>\n<meta property=\"og:locale\" content=\"fr_FR\" \/>\n<meta property=\"og:type\" content=\"article\" \/>\n<meta property=\"og:title\" content=\"Notre laboratoire - Laboratoire Equi-Nutri\" \/>\n<meta property=\"og:description\" content=\"Depuis 30 ans le laboratoire Equi-Nutri, laboratoire wallon install\u00e9 \u00e0 Wellin, en Province du Luxembourg, propose des produits respectueux du consommateur et de son bien-\u00eatre. Equi-Nutri d\u00e9veloppe et fabrique des compl\u00e9ments nutritionnels de premi\u00e8re qualit\u00e9. Nous privil\u00e9gions les dosages r\u00e9ellement efficaces dans le respect de la l\u00e9gislation en vigueur. L\u2019article 2, a) de la directive [&hellip;]\" \/>\n<meta property=\"og:url\" content=\"http:\/\/eq.promisys-web.be\/fr\/a-propos\/notre-laboratoire\/\" \/>\n<meta property=\"og:site_name\" content=\"Laboratoire Equi-Nutri\" \/>\n<meta property=\"article:modified_time\" content=\"2023-12-07T09:23:03+00:00\" \/>\n<meta name=\"twitter:card\" content=\"summary_large_image\" \/>\n<meta name=\"twitter:label1\" content=\"Dur\u00e9e de lecture estim\u00e9e\" \/>\n\t<meta name=\"twitter:data1\" content=\"2 minutes\" \/>\n<script type=\"application\/ld+json\" class=\"yoast-schema-graph\">{\"@context\":\"https:\\\/\\\/schema.org\",\"@graph\":[{\"@type\":\"WebPage\",\"@id\":\"http:\\\/\\\/eq.promisys-web.be\\\/fr\\\/a-propos\\\/notre-laboratoire\\\/\",\"url\":\"http:\\\/\\\/eq.promisys-web.be\\\/fr\\\/a-propos\\\/notre-laboratoire\\\/\",\"name\":\"Notre laboratoire - Laboratoire Equi-Nutri\",\"isPartOf\":{\"@id\":\"http:\\\/\\\/eq.promisys-web.be\\\/fr\\\/#website\"},\"datePublished\":\"2015-05-12T13:22:03+00:00\",\"dateModified\":\"2023-12-07T09:23:03+00:00\",\"breadcrumb\":{\"@id\":\"http:\\\/\\\/eq.promisys-web.be\\\/fr\\\/a-propos\\\/notre-laboratoire\\\/#breadcrumb\"},\"inLanguage\":\"fr-FR\",\"potentialAction\":[{\"@type\":\"ReadAction\",\"target\":[\"http:\\\/\\\/eq.promisys-web.be\\\/fr\\\/a-propos\\\/notre-laboratoire\\\/\"]}]},{\"@type\":\"BreadcrumbList\",\"@id\":\"http:\\\/\\\/eq.promisys-web.be\\\/fr\\\/a-propos\\\/notre-laboratoire\\\/#breadcrumb\",\"itemListElement\":[{\"@type\":\"ListItem\",\"position\":1,\"name\":\"Accueil\",\"item\":\"http:\\\/\\\/eq.promisys-web.be\\\/fr\\\/\"},{\"@type\":\"ListItem\",\"position\":2,\"name\":\"Qui sommes-nous ?\",\"item\":\"http:\\\/\\\/eq.promisys-web.be\\\/fr\\\/a-propos\\\/\"},{\"@type\":\"ListItem\",\"position\":3,\"name\":\"Notre laboratoire\"}]},{\"@type\":\"WebSite\",\"@id\":\"http:\\\/\\\/eq.promisys-web.be\\\/fr\\\/#website\",\"url\":\"http:\\\/\\\/eq.promisys-web.be\\\/fr\\\/\",\"name\":\"Laboratoire Equi-Nutri\",\"description\":\"Laboratoire\",\"potentialAction\":[{\"@type\":\"SearchAction\",\"target\":{\"@type\":\"EntryPoint\",\"urlTemplate\":\"http:\\\/\\\/eq.promisys-web.be\\\/fr\\\/?s={search_term_string}\"},\"query-input\":{\"@type\":\"PropertyValueSpecification\",\"valueRequired\":true,\"valueName\":\"search_term_string\"}}],\"inLanguage\":\"fr-FR\"}]}<\/script>\n<!-- \/ Yoast SEO plugin. -->","yoast_head_json":{"title":"Notre laboratoire - Laboratoire Equi-Nutri","robots":{"index":"noindex","follow":"follow","max-snippet":"max-snippet:-1","max-image-preview":"max-image-preview:large","max-video-preview":"max-video-preview:-1"},"og_locale":"fr_FR","og_type":"article","og_title":"Notre laboratoire - Laboratoire Equi-Nutri","og_description":"Depuis 30 ans le laboratoire Equi-Nutri, laboratoire wallon install\u00e9 \u00e0 Wellin, en Province du Luxembourg, propose des produits respectueux du consommateur et de son bien-\u00eatre. Equi-Nutri d\u00e9veloppe et fabrique des compl\u00e9ments nutritionnels de premi\u00e8re qualit\u00e9. Nous privil\u00e9gions les dosages r\u00e9ellement efficaces dans le respect de la l\u00e9gislation en vigueur. L\u2019article 2, a) de la directive [&hellip;]","og_url":"http:\/\/eq.promisys-web.be\/fr\/a-propos\/notre-laboratoire\/","og_site_name":"Laboratoire Equi-Nutri","article_modified_time":"2023-12-07T09:23:03+00:00","twitter_card":"summary_large_image","twitter_misc":{"Dur\u00e9e de lecture estim\u00e9e":"2 minutes"},"schema":{"@context":"https:\/\/schema.org","@graph":[{"@type":"WebPage","@id":"http:\/\/eq.promisys-web.be\/fr\/a-propos\/notre-laboratoire\/","url":"http:\/\/eq.promisys-web.be\/fr\/a-propos\/notre-laboratoire\/","name":"Notre laboratoire - Laboratoire Equi-Nutri","isPartOf":{"@id":"http:\/\/eq.promisys-web.be\/fr\/#website"},"datePublished":"2015-05-12T13:22:03+00:00","dateModified":"2023-12-07T09:23:03+00:00","breadcrumb":{"@id":"http:\/\/eq.promisys-web.be\/fr\/a-propos\/notre-laboratoire\/#breadcrumb"},"inLanguage":"fr-FR","potentialAction":[{"@type":"ReadAction","target":["http:\/\/eq.promisys-web.be\/fr\/a-propos\/notre-laboratoire\/"]}]},{"@type":"BreadcrumbList","@id":"http:\/\/eq.promisys-web.be\/fr\/a-propos\/notre-laboratoire\/#breadcrumb","itemListElement":[{"@type":"ListItem","position":1,"name":"Accueil","item":"http:\/\/eq.promisys-web.be\/fr\/"},{"@type":"ListItem","position":2,"name":"Qui sommes-nous ?","item":"http:\/\/eq.promisys-web.be\/fr\/a-propos\/"},{"@type":"ListItem","position":3,"name":"Notre laboratoire"}]},{"@type":"WebSite","@id":"http:\/\/eq.promisys-web.be\/fr\/#website","url":"http:\/\/eq.promisys-web.be\/fr\/","name":"Laboratoire Equi-Nutri","description":"Laboratoire","potentialAction":[{"@type":"SearchAction","target":{"@type":"EntryPoint","urlTemplate":"http:\/\/eq.promisys-web.be\/fr\/?s={search_term_string}"},"query-input":{"@type":"PropertyValueSpecification","valueRequired":true,"valueName":"search_term_string"}}],"inLanguage":"fr-FR"}]}},"_links":{"self":[{"href":"http:\/\/eq.promisys-web.be\/fr\/wp-json\/wp\/v2\/pages\/252","targetHints":{"allow":["GET"]}}],"collection":[{"href":"http:\/\/eq.promisys-web.be\/fr\/wp-json\/wp\/v2\/pages"}],"about":[{"href":"http:\/\/eq.promisys-web.be\/fr\/wp-json\/wp\/v2\/types\/page"}],"author":[{"embeddable":true,"href":"http:\/\/eq.promisys-web.be\/fr\/wp-json\/wp\/v2\/users\/1"}],"replies":[{"embeddable":true,"href":"http:\/\/eq.promisys-web.be\/fr\/wp-json\/wp\/v2\/comments?post=252"}],"version-history":[{"count":9,"href":"http:\/\/eq.promisys-web.be\/fr\/wp-json\/wp\/v2\/pages\/252\/revisions"}],"predecessor-version":[{"id":10287,"href":"http:\/\/eq.promisys-web.be\/fr\/wp-json\/wp\/v2\/pages\/252\/revisions\/10287"}],"up":[{"embeddable":true,"href":"http:\/\/eq.promisys-web.be\/fr\/wp-json\/wp\/v2\/pages\/12"}],"wp:attachment":[{"href":"http:\/\/eq.promisys-web.be\/fr\/wp-json\/wp\/v2\/media?parent=252"}],"curies":[{"name":"wp","href":"https:\/\/api.w.org\/{rel}","templated":true}]}}