{"id":10275,"date":"2023-11-28T14:53:20","date_gmt":"2023-11-28T13:53:20","guid":{"rendered":"https:\/\/www.equi-nutri.be\/?page_id=10275"},"modified":"2023-12-07T11:23:07","modified_gmt":"2023-12-07T10:23:07","slug":"accueil-root","status":"publish","type":"page","link":"http:\/\/eq.promisys-web.be\/","title":{"rendered":"Accueil"},"content":{"rendered":"\n<div class=\"wp-block-group\"><div class=\"wp-block-group__inner-container is-layout-flow wp-block-group-is-layout-flow\">\n<div class=\"wp-block-media-text alignwide is-stacked-on-mobile\" style=\"grid-template-columns:23% auto\"><figure class=\"wp-block-media-text__media\"><img loading=\"lazy\" decoding=\"async\" width=\"190\" height=\"190\" src=\"https:\/\/www.equi-nutri.be\/wp-content\/uploads\/2021\/10\/laboratoires-equi-nutri-1.png\" alt=\"\" class=\"wp-image-6693 size-full\"\/><\/figure><div class=\"wp-block-media-text__content\">\n<h2 class=\"wp-block-heading\"><strong>Laboratoire<\/strong> Equi-Nutri<\/h2>\n\n\n\n<p>Un partenaire engag\u00e9 suivant une \u00e9thique humaine, \u00e9cologique et environnementale !<\/p>\n\n\n\n<div class=\"wp-block-buttons is-layout-flex wp-block-buttons-is-layout-flex\">\n<div class=\"wp-block-button\"><a class=\"wp-block-button__link wp-element-button\" href=\"\/a-propos\/notre-laboratoire\/\">En savoir plus sur Equi-Nutri<\/a><\/div>\n<\/div>\n<\/div><\/div>\n<\/div><\/div>\n","protected":false},"excerpt":{"rendered":"<p>Laboratoire Equi-Nutri Un partenaire engag\u00e9 suivant une \u00e9thique humaine, \u00e9cologique et environnementale !<\/p>\n","protected":false},"author":1,"featured_media":0,"parent":0,"menu_order":1,"comment_status":"closed","ping_status":"closed","template":"template-parts\/template-homepage.php","meta":{"_acf_changed":false,"footnotes":""},"class_list":["post-10275","page","type-page","status-publish","hentry"],"acf":[],"yoast_head":"<!-- This site is optimized with the Yoast SEO plugin v27.4 - https:\/\/yoast.com\/product\/yoast-seo-wordpress\/ -->\n<title>Laboratoire Equi-Nutri<\/title>\n<meta name=\"description\" content=\"Laboratoire Equi-Nutri, sp\u00e9cialiste en gemmoth\u00e9rapie, orthomol\u00e9culaire, et phytoth\u00e9rapie\" \/>\n<meta name=\"robots\" content=\"noindex, follow, max-snippet:-1, max-image-preview:large, max-video-preview:-1\" \/>\n<meta property=\"og:locale\" content=\"fr_FR\" \/>\n<meta property=\"og:type\" content=\"article\" \/>\n<meta property=\"og:title\" content=\"Laboratoire Equi-Nutri\" \/>\n<meta property=\"og:description\" content=\"Laboratoire Equi-Nutri, sp\u00e9cialiste en gemmoth\u00e9rapie, orthomol\u00e9culaire, et phytoth\u00e9rapie\" \/>\n<meta property=\"og:url\" content=\"https:\/\/www.equi-nutri.be\/fr\" \/>\n<meta property=\"og:site_name\" content=\"Laboratoire Equi-Nutri\" \/>\n<meta property=\"article:modified_time\" content=\"2023-12-07T10:23:07+00:00\" \/>\n<meta property=\"og:image\" content=\"https:\/\/www.equi-nutri.be\/wp-content\/uploads\/2021\/10\/laboratoires-equi-nutri-1.png\" \/>\n<meta name=\"twitter:card\" content=\"summary_large_image\" \/>\n<meta name=\"twitter:label1\" content=\"Dur\u00e9e de lecture estim\u00e9e\" \/>\n\t<meta name=\"twitter:data1\" content=\"1 minute\" \/>\n<script type=\"application\/ld+json\" class=\"yoast-schema-graph\">{\"@context\":\"https:\\\/\\\/schema.org\",\"@graph\":[{\"@type\":\"WebPage\",\"@id\":\"http:\\\/\\\/eq.promisys-web.be\\\/\",\"url\":\"https:\\\/\\\/www.equi-nutri.be\\\/fr\",\"name\":\"Laboratoire Equi-Nutri\",\"isPartOf\":{\"@id\":\"http:\\\/\\\/eq.promisys-web.be\\\/fr\\\/#website\"},\"primaryImageOfPage\":{\"@id\":\"https:\\\/\\\/www.equi-nutri.be\\\/fr#primaryimage\"},\"image\":{\"@id\":\"https:\\\/\\\/www.equi-nutri.be\\\/fr#primaryimage\"},\"thumbnailUrl\":\"https:\\\/\\\/www.equi-nutri.be\\\/wp-content\\\/uploads\\\/2021\\\/10\\\/laboratoires-equi-nutri-1.png\",\"datePublished\":\"2023-11-28T13:53:20+00:00\",\"dateModified\":\"2023-12-07T10:23:07+00:00\",\"description\":\"Laboratoire Equi-Nutri, sp\u00e9cialiste en gemmoth\u00e9rapie, orthomol\u00e9culaire, et phytoth\u00e9rapie\",\"breadcrumb\":{\"@id\":\"https:\\\/\\\/www.equi-nutri.be\\\/fr#breadcrumb\"},\"inLanguage\":\"fr-FR\",\"potentialAction\":[{\"@type\":\"ReadAction\",\"target\":[\"https:\\\/\\\/www.equi-nutri.be\\\/fr\"]}]},{\"@type\":\"ImageObject\",\"inLanguage\":\"fr-FR\",\"@id\":\"https:\\\/\\\/www.equi-nutri.be\\\/fr#primaryimage\",\"url\":\"https:\\\/\\\/www.equi-nutri.be\\\/wp-content\\\/uploads\\\/2021\\\/10\\\/laboratoires-equi-nutri-1.png\",\"contentUrl\":\"https:\\\/\\\/www.equi-nutri.be\\\/wp-content\\\/uploads\\\/2021\\\/10\\\/laboratoires-equi-nutri-1.png\"},{\"@type\":\"BreadcrumbList\",\"@id\":\"https:\\\/\\\/www.equi-nutri.be\\\/fr#breadcrumb\",\"itemListElement\":[{\"@type\":\"ListItem\",\"position\":1,\"name\":\"Accueil\",\"item\":\"http:\\\/\\\/eq.promisys-web.be\\\/fr\\\/\"},{\"@type\":\"ListItem\",\"position\":2,\"name\":\"Accueil\"}]},{\"@type\":\"WebSite\",\"@id\":\"http:\\\/\\\/eq.promisys-web.be\\\/fr\\\/#website\",\"url\":\"http:\\\/\\\/eq.promisys-web.be\\\/fr\\\/\",\"name\":\"Laboratoire Equi-Nutri\",\"description\":\"Laboratoire\",\"potentialAction\":[{\"@type\":\"SearchAction\",\"target\":{\"@type\":\"EntryPoint\",\"urlTemplate\":\"http:\\\/\\\/eq.promisys-web.be\\\/fr\\\/?s={search_term_string}\"},\"query-input\":{\"@type\":\"PropertyValueSpecification\",\"valueRequired\":true,\"valueName\":\"search_term_string\"}}],\"inLanguage\":\"fr-FR\"}]}<\/script>\n<!-- \/ Yoast SEO plugin. -->","yoast_head_json":{"title":"Laboratoire Equi-Nutri","description":"Laboratoire Equi-Nutri, sp\u00e9cialiste en gemmoth\u00e9rapie, orthomol\u00e9culaire, et phytoth\u00e9rapie","robots":{"index":"noindex","follow":"follow","max-snippet":"max-snippet:-1","max-image-preview":"max-image-preview:large","max-video-preview":"max-video-preview:-1"},"og_locale":"fr_FR","og_type":"article","og_title":"Laboratoire Equi-Nutri","og_description":"Laboratoire Equi-Nutri, sp\u00e9cialiste en gemmoth\u00e9rapie, orthomol\u00e9culaire, et phytoth\u00e9rapie","og_url":"https:\/\/www.equi-nutri.be\/fr","og_site_name":"Laboratoire Equi-Nutri","article_modified_time":"2023-12-07T10:23:07+00:00","og_image":[{"url":"https:\/\/www.equi-nutri.be\/wp-content\/uploads\/2021\/10\/laboratoires-equi-nutri-1.png","type":"","width":"","height":""}],"twitter_card":"summary_large_image","twitter_misc":{"Dur\u00e9e de lecture estim\u00e9e":"1 minute"},"schema":{"@context":"https:\/\/schema.org","@graph":[{"@type":"WebPage","@id":"http:\/\/eq.promisys-web.be\/","url":"https:\/\/www.equi-nutri.be\/fr","name":"Laboratoire Equi-Nutri","isPartOf":{"@id":"http:\/\/eq.promisys-web.be\/fr\/#website"},"primaryImageOfPage":{"@id":"https:\/\/www.equi-nutri.be\/fr#primaryimage"},"image":{"@id":"https:\/\/www.equi-nutri.be\/fr#primaryimage"},"thumbnailUrl":"https:\/\/www.equi-nutri.be\/wp-content\/uploads\/2021\/10\/laboratoires-equi-nutri-1.png","datePublished":"2023-11-28T13:53:20+00:00","dateModified":"2023-12-07T10:23:07+00:00","description":"Laboratoire Equi-Nutri, sp\u00e9cialiste en gemmoth\u00e9rapie, orthomol\u00e9culaire, et phytoth\u00e9rapie","breadcrumb":{"@id":"https:\/\/www.equi-nutri.be\/fr#breadcrumb"},"inLanguage":"fr-FR","potentialAction":[{"@type":"ReadAction","target":["https:\/\/www.equi-nutri.be\/fr"]}]},{"@type":"ImageObject","inLanguage":"fr-FR","@id":"https:\/\/www.equi-nutri.be\/fr#primaryimage","url":"https:\/\/www.equi-nutri.be\/wp-content\/uploads\/2021\/10\/laboratoires-equi-nutri-1.png","contentUrl":"https:\/\/www.equi-nutri.be\/wp-content\/uploads\/2021\/10\/laboratoires-equi-nutri-1.png"},{"@type":"BreadcrumbList","@id":"https:\/\/www.equi-nutri.be\/fr#breadcrumb","itemListElement":[{"@type":"ListItem","position":1,"name":"Accueil","item":"http:\/\/eq.promisys-web.be\/fr\/"},{"@type":"ListItem","position":2,"name":"Accueil"}]},{"@type":"WebSite","@id":"http:\/\/eq.promisys-web.be\/fr\/#website","url":"http:\/\/eq.promisys-web.be\/fr\/","name":"Laboratoire Equi-Nutri","description":"Laboratoire","potentialAction":[{"@type":"SearchAction","target":{"@type":"EntryPoint","urlTemplate":"http:\/\/eq.promisys-web.be\/fr\/?s={search_term_string}"},"query-input":{"@type":"PropertyValueSpecification","valueRequired":true,"valueName":"search_term_string"}}],"inLanguage":"fr-FR"}]}},"_links":{"self":[{"href":"http:\/\/eq.promisys-web.be\/fr\/wp-json\/wp\/v2\/pages\/10275","targetHints":{"allow":["GET"]}}],"collection":[{"href":"http:\/\/eq.promisys-web.be\/fr\/wp-json\/wp\/v2\/pages"}],"about":[{"href":"http:\/\/eq.promisys-web.be\/fr\/wp-json\/wp\/v2\/types\/page"}],"author":[{"embeddable":true,"href":"http:\/\/eq.promisys-web.be\/fr\/wp-json\/wp\/v2\/users\/1"}],"replies":[{"embeddable":true,"href":"http:\/\/eq.promisys-web.be\/fr\/wp-json\/wp\/v2\/comments?post=10275"}],"version-history":[{"count":4,"href":"http:\/\/eq.promisys-web.be\/fr\/wp-json\/wp\/v2\/pages\/10275\/revisions"}],"predecessor-version":[{"id":10290,"href":"http:\/\/eq.promisys-web.be\/fr\/wp-json\/wp\/v2\/pages\/10275\/revisions\/10290"}],"wp:attachment":[{"href":"http:\/\/eq.promisys-web.be\/fr\/wp-json\/wp\/v2\/media?parent=10275"}],"curies":[{"name":"wp","href":"https:\/\/api.w.org\/{rel}","templated":true}]}}